{"id":58,"date":"2021-04-28T11:02:07","date_gmt":"2021-04-28T14:02:07","guid":{"rendered":"https:\/\/amseco.com.br\/en\/?page_id=58"},"modified":"2022-05-04T09:05:20","modified_gmt":"2022-05-04T12:05:20","slug":"blog","status":"publish","type":"page","link":"https:\/\/amseco.com.br\/en\/blog\/","title":{"rendered":"Blog"},"content":{"rendered":"\n<p class=\"has-medium-font-size\">Portuguese version only<\/p>\n\n\n\n\t\t\t<div class=\"wp-block-uagb-post-carousel uagb-post-grid  uagb-post__image-position-top uagb-post__image-enabled uagb-block-64a63114     uagb-post__arrow-outside uagb-post__items uagb-post__columns-3 is-carousel uagb-post__columns-tablet-2 uagb-post__columns-mobile-1\" data-total=\"1\" style=\"\">\n\n\t\t\t\t\t\t\t\t\t\t\t\t<article class=\"uagb-post__inner-wrap\">\t\t\t\t\t\t\t\t<div class='uagb-post__image'>\n\t\t\t\t\t\t\t\t\t<a href=\"https:\/\/amseco.com.br\/en\/blog\/o-que-e-biometano\/\" target=\"_self\" rel=\"bookmark noopener noreferrer\"><img loading=\"lazy\" decoding=\"async\" width=\"1140\" height=\"669\" src=\"https:\/\/amseco.com.br\/en\/wp-content\/uploads\/2021\/10\/O-que-e-biometano.jpg\" class=\"attachment-full size-full\" alt=\"Planta de produ\u00e7\u00e3o de biometano\" srcset=\"https:\/\/amseco.com.br\/en\/wp-content\/uploads\/2021\/10\/O-que-e-biometano.jpg 1140w, https:\/\/amseco.com.br\/en\/wp-content\/uploads\/2021\/10\/O-que-e-biometano-300x176.jpg 300w, https:\/\/amseco.com.br\/en\/wp-content\/uploads\/2021\/10\/O-que-e-biometano-1024x601.jpg 1024w, https:\/\/amseco.com.br\/en\/wp-content\/uploads\/2021\/10\/O-que-e-biometano-768x451.jpg 768w\" sizes=\"auto, (max-width: 1140px) 100vw, 1140px\" \/>\t\t\t\t\t<\/a>\n\t\t\t\t\t\t\t\t\t<\/div>\n\t\t\t\t\t\t<h4 class=\"uagb-post__title uagb-post__text\">\n\t\t\t\t<a href=\"https:\/\/amseco.com.br\/en\/blog\/o-que-e-biometano\/\" target=\"_self\" rel=\"bookmark noopener noreferrer\">O que \u00e9 Biometano. Descubra mais sobre este Biocombust\u00edvel.<\/a>\n\t\t\t<\/h4>\n\t\t\t\t\t\t<div class='uagb-post__text uagb-post-grid-byline'>\n\t\t\t\t\t\t\t\t<time datetime=\"2021-10-13T17:30:00-03:00\" class=\"uagb-post__date\">\n\t\t\t\t<span class=\"dashicons-calendar dashicons\"><\/span>\t\t\t\t\t13 de Outubro, 2021\t\t\t\t<\/time>\n\t\t\t\t\t\t<\/div>\n\t\t\t\t\t\t\t<div class='uagb-post__text uagb-post__excerpt'>\n\t\t\t\t\t<p>O que \u00e9 Biometano. Descubra mais sobre este Biocombust\u00edvel. O uso do biometano como uma&#8230;\t\t\t\t<\/div>\n\t\t\t\t\t\t<div class=\"uagb-post__text uagb-post__cta wp-block-button\">\n\t\t\t\t<a class=\"wp-block-button__link uagb-text-link\" style=\"\" href=\"https:\/\/amseco.com.br\/en\/blog\/o-que-e-biometano\/\" target=\"_self\" rel=\"bookmark noopener noreferrer\">Leia Mais<\/a>\n\t\t\t<\/div>\n\t\t\t\n\t\t\t\t\t\t\t\t\t<\/article>\n\t\t\t\t\t\t\t\t\t\t\t\t\t\t\t\t<article class=\"uagb-post__inner-wrap\">\t\t\t\t\t\t\t\t<div class='uagb-post__image'>\n\t\t\t\t\t\t\t\t\t<a href=\"https:\/\/amseco.com.br\/en\/blog\/o-que-e-biogas\/\" target=\"_self\" rel=\"bookmark noopener noreferrer\"><img loading=\"lazy\" decoding=\"async\" width=\"1600\" height=\"645\" src=\"https:\/\/amseco.com.br\/en\/wp-content\/uploads\/2021\/08\/Webp.net-resizeimage-1.jpg\" class=\"attachment-full size-full\" alt=\"O que \u00e9 Biog\u00e1s\" srcset=\"https:\/\/amseco.com.br\/en\/wp-content\/uploads\/2021\/08\/Webp.net-resizeimage-1.jpg 1600w, https:\/\/amseco.com.br\/en\/wp-content\/uploads\/2021\/08\/Webp.net-resizeimage-1-300x121.jpg 300w, https:\/\/amseco.com.br\/en\/wp-content\/uploads\/2021\/08\/Webp.net-resizeimage-1-1024x413.jpg 1024w, https:\/\/amseco.com.br\/en\/wp-content\/uploads\/2021\/08\/Webp.net-resizeimage-1-768x310.jpg 768w, https:\/\/amseco.com.br\/en\/wp-content\/uploads\/2021\/08\/Webp.net-resizeimage-1-1536x619.jpg 1536w\" sizes=\"auto, (max-width: 1600px) 100vw, 1600px\" \/>\t\t\t\t\t<\/a>\n\t\t\t\t\t\t\t\t\t<\/div>\n\t\t\t\t\t\t<h4 class=\"uagb-post__title uagb-post__text\">\n\t\t\t\t<a href=\"https:\/\/amseco.com.br\/en\/blog\/o-que-e-biogas\/\" target=\"_self\" rel=\"bookmark noopener noreferrer\">O que \u00e9 Biog\u00e1s. Conhe\u00e7a como este Biocombust\u00edvel \u00e9 Produzido.<\/a>\n\t\t\t<\/h4>\n\t\t\t\t\t\t<div class='uagb-post__text uagb-post-grid-byline'>\n\t\t\t\t\t\t\t\t<time datetime=\"2021-09-14T10:06:00-03:00\" class=\"uagb-post__date\">\n\t\t\t\t<span class=\"dashicons-calendar dashicons\"><\/span>\t\t\t\t\t14 de Setembro, 2021\t\t\t\t<\/time>\n\t\t\t\t\t\t<\/div>\n\t\t\t\t\t\t\t<div class='uagb-post__text uagb-post__excerpt'>\n\t\t\t\t\t<p>O que \u00e9 biog\u00e1s. Conhe\u00e7a como este biocombust\u00edvel \u00e9 produzido. O Biog\u00e1s \u00e9 uma excelente&#8230;\t\t\t\t<\/div>\n\t\t\t\t\t\t<div class=\"uagb-post__text uagb-post__cta wp-block-button\">\n\t\t\t\t<a class=\"wp-block-button__link uagb-text-link\" style=\"\" href=\"https:\/\/amseco.com.br\/en\/blog\/o-que-e-biogas\/\" target=\"_self\" rel=\"bookmark noopener noreferrer\">Leia Mais<\/a>\n\t\t\t<\/div>\n\t\t\t\n\t\t\t\t\t\t\t\t\t<\/article>\n\t\t\t\t\t\t\t\t\t\t\t<\/div>\n\t\t\t","protected":false},"excerpt":{"rendered":"<p>Portuguese version only<\/p>\n","protected":false},"author":1,"featured_media":0,"parent":0,"menu_order":0,"comment_status":"closed","ping_status":"closed","template":"","meta":{"_uag_custom_page_level_css":"","site-sidebar-layout":"default","site-content-layout":"default","ast-site-content-layout":"default","site-content-style":"default","site-sidebar-style":"default","ast-global-header-display":"","ast-banner-title-visibility":"","ast-main-header-display":"","ast-hfb-above-header-display":"","ast-hfb-below-header-display":"","ast-hfb-mobile-header-display":"","site-post-title":"","ast-breadcrumbs-content":"","ast-featured-img":"","footer-sml-layout":"","ast-disable-related-posts":"","theme-transparent-header-meta":"default","adv-header-id-meta":"","stick-header-meta":"","header-above-stick-meta":"","header-main-stick-meta":"","header-below-stick-meta":"","astra-migrate-meta-layouts":"default","ast-page-background-enabled":"default","ast-page-background-meta":{"desktop":{"background-color":"","background-image":"","background-repeat":"repeat","background-position":"center center","background-size":"auto","background-attachment":"scroll","background-type":"","background-media":"","overlay-type":"","overlay-color":"","overlay-opacity":"","overlay-gradient":""},"tablet":{"background-color":"","background-image":"","background-repeat":"repeat","background-position":"center center","background-size":"auto","background-attachment":"scroll","background-type":"","background-media":"","overlay-type":"","overlay-color":"","overlay-opacity":"","overlay-gradient":""},"mobile":{"background-color":"","background-image":"","background-repeat":"repeat","background-position":"center center","background-size":"auto","background-attachment":"scroll","background-type":"","background-media":"","overlay-type":"","overlay-color":"","overlay-opacity":"","overlay-gradient":""}},"ast-content-background-meta":{"desktop":{"background-color":"var(--ast-global-color-5)","background-image":"","background-repeat":"repeat","background-position":"center center","background-size":"auto","background-attachment":"scroll","background-type":"","background-media":"","overlay-type":"","overlay-color":"","overlay-opacity":"","overlay-gradient":""},"tablet":{"background-color":"var(--ast-global-color-5)","background-image":"","background-repeat":"repeat","background-position":"center center","background-size":"auto","background-attachment":"scroll","background-type":"","background-media":"","overlay-type":"","overlay-color":"","overlay-opacity":"","overlay-gradient":""},"mobile":{"background-color":"var(--ast-global-color-5)","background-image":"","background-repeat":"repeat","background-position":"center center","background-size":"auto","background-attachment":"scroll","background-type":"","background-media":"","overlay-type":"","overlay-color":"","overlay-opacity":"","overlay-gradient":""}},"footnotes":""},"class_list":["post-58","page","type-page","status-publish","hentry"],"yoast_head":"<!-- This site is optimized with the Yoast SEO plugin v27.4 - https:\/\/yoast.com\/product\/yoast-seo-wordpress\/ -->\n<title>Blog - AMS - Consultoria em Biog\u00e1s e Biometano<\/title>\n<meta name=\"robots\" content=\"index, follow, max-snippet:-1, max-image-preview:large, max-video-preview:-1\" \/>\n<link rel=\"canonical\" href=\"https:\/\/amseco.com.br\/en\/blog\/\" \/>\n<meta property=\"og:locale\" content=\"pt_PT\" \/>\n<meta property=\"og:type\" content=\"article\" \/>\n<meta property=\"og:title\" content=\"Blog - AMS - Consultoria em Biog\u00e1s e Biometano\" \/>\n<meta property=\"og:description\" content=\"Portuguese version only\" \/>\n<meta property=\"og:url\" content=\"https:\/\/amseco.com.br\/en\/blog\/\" \/>\n<meta property=\"og:site_name\" content=\"AMS - Consultoria em Biog\u00e1s e Biometano\" \/>\n<meta property=\"article:modified_time\" content=\"2022-05-04T12:05:20+00:00\" \/>\n<meta name=\"twitter:card\" content=\"summary_large_image\" \/>\n<meta name=\"twitter:label1\" content=\"Tempo estimado de leitura\" \/>\n\t<meta name=\"twitter:data1\" content=\"1 minuto\" \/>\n<script type=\"application\/ld+json\" class=\"yoast-schema-graph\">{\"@context\":\"https:\\\/\\\/schema.org\",\"@graph\":[{\"@type\":\"WebPage\",\"@id\":\"https:\\\/\\\/amseco.com.br\\\/en\\\/blog\\\/\",\"url\":\"https:\\\/\\\/amseco.com.br\\\/en\\\/blog\\\/\",\"name\":\"Blog - AMS - Consultoria em Biog\u00e1s e Biometano\",\"isPartOf\":{\"@id\":\"https:\\\/\\\/amseco.com.br\\\/en\\\/#website\"},\"datePublished\":\"2021-04-28T14:02:07+00:00\",\"dateModified\":\"2022-05-04T12:05:20+00:00\",\"breadcrumb\":{\"@id\":\"https:\\\/\\\/amseco.com.br\\\/en\\\/blog\\\/#breadcrumb\"},\"inLanguage\":\"pt-PT\",\"potentialAction\":[{\"@type\":\"ReadAction\",\"target\":[\"https:\\\/\\\/amseco.com.br\\\/en\\\/blog\\\/\"]}]},{\"@type\":\"BreadcrumbList\",\"@id\":\"https:\\\/\\\/amseco.com.br\\\/en\\\/blog\\\/#breadcrumb\",\"itemListElement\":[{\"@type\":\"ListItem\",\"position\":1,\"name\":\"In\u00edcio\",\"item\":\"https:\\\/\\\/amseco.com.br\\\/en\\\/\"},{\"@type\":\"ListItem\",\"position\":2,\"name\":\"Blog\"}]},{\"@type\":\"WebSite\",\"@id\":\"https:\\\/\\\/amseco.com.br\\\/en\\\/#website\",\"url\":\"https:\\\/\\\/amseco.com.br\\\/en\\\/\",\"name\":\"AMS - Consultoria em Biog\u00e1s e Biometano\",\"description\":\"Empresa de consultoria que ap\u00f3ia clientes em projetos de valoriza\u00e7\u00e3o energ\u00e9tica de biog\u00e1s e produ\u00e7\u00e3o de biometano para ve\u00edculos a g\u00e1s\",\"publisher\":{\"@id\":\"https:\\\/\\\/amseco.com.br\\\/en\\\/#organization\"},\"potentialAction\":[{\"@type\":\"SearchAction\",\"target\":{\"@type\":\"EntryPoint\",\"urlTemplate\":\"https:\\\/\\\/amseco.com.br\\\/en\\\/?s={search_term_string}\"},\"query-input\":{\"@type\":\"PropertyValueSpecification\",\"valueRequired\":true,\"valueName\":\"search_term_string\"}}],\"inLanguage\":\"pt-PT\"},{\"@type\":\"Organization\",\"@id\":\"https:\\\/\\\/amseco.com.br\\\/en\\\/#organization\",\"name\":\"AMS - Consultoria em Biog\u00e1s e Biometano\",\"url\":\"https:\\\/\\\/amseco.com.br\\\/en\\\/\",\"logo\":{\"@type\":\"ImageObject\",\"inLanguage\":\"pt-PT\",\"@id\":\"https:\\\/\\\/amseco.com.br\\\/en\\\/#\\\/schema\\\/logo\\\/image\\\/\",\"url\":\"https:\\\/\\\/amseco.com.br\\\/en\\\/wp-content\\\/uploads\\\/2021\\\/04\\\/400dpiLogo.png\",\"contentUrl\":\"https:\\\/\\\/amseco.com.br\\\/en\\\/wp-content\\\/uploads\\\/2021\\\/04\\\/400dpiLogo.png\",\"width\":706,\"height\":764,\"caption\":\"AMS - Consultoria em Biog\u00e1s e Biometano\"},\"image\":{\"@id\":\"https:\\\/\\\/amseco.com.br\\\/en\\\/#\\\/schema\\\/logo\\\/image\\\/\"}}]}<\/script>\n<!-- \/ Yoast SEO plugin. -->","yoast_head_json":{"title":"Blog - AMS - Consultoria em Biog\u00e1s e Biometano","robots":{"index":"index","follow":"follow","max-snippet":"max-snippet:-1","max-image-preview":"max-image-preview:large","max-video-preview":"max-video-preview:-1"},"canonical":"https:\/\/amseco.com.br\/en\/blog\/","og_locale":"pt_PT","og_type":"article","og_title":"Blog - AMS - Consultoria em Biog\u00e1s e Biometano","og_description":"Portuguese version only","og_url":"https:\/\/amseco.com.br\/en\/blog\/","og_site_name":"AMS - Consultoria em Biog\u00e1s e Biometano","article_modified_time":"2022-05-04T12:05:20+00:00","twitter_card":"summary_large_image","twitter_misc":{"Tempo estimado de leitura":"1 minuto"},"schema":{"@context":"https:\/\/schema.org","@graph":[{"@type":"WebPage","@id":"https:\/\/amseco.com.br\/en\/blog\/","url":"https:\/\/amseco.com.br\/en\/blog\/","name":"Blog - AMS - Consultoria em Biog\u00e1s e Biometano","isPartOf":{"@id":"https:\/\/amseco.com.br\/en\/#website"},"datePublished":"2021-04-28T14:02:07+00:00","dateModified":"2022-05-04T12:05:20+00:00","breadcrumb":{"@id":"https:\/\/amseco.com.br\/en\/blog\/#breadcrumb"},"inLanguage":"pt-PT","potentialAction":[{"@type":"ReadAction","target":["https:\/\/amseco.com.br\/en\/blog\/"]}]},{"@type":"BreadcrumbList","@id":"https:\/\/amseco.com.br\/en\/blog\/#breadcrumb","itemListElement":[{"@type":"ListItem","position":1,"name":"In\u00edcio","item":"https:\/\/amseco.com.br\/en\/"},{"@type":"ListItem","position":2,"name":"Blog"}]},{"@type":"WebSite","@id":"https:\/\/amseco.com.br\/en\/#website","url":"https:\/\/amseco.com.br\/en\/","name":"AMS - Consultoria em Biog\u00e1s e Biometano","description":"Empresa de consultoria que ap\u00f3ia clientes em projetos de valoriza\u00e7\u00e3o energ\u00e9tica de biog\u00e1s e produ\u00e7\u00e3o de biometano para ve\u00edculos a g\u00e1s","publisher":{"@id":"https:\/\/amseco.com.br\/en\/#organization"},"potentialAction":[{"@type":"SearchAction","target":{"@type":"EntryPoint","urlTemplate":"https:\/\/amseco.com.br\/en\/?s={search_term_string}"},"query-input":{"@type":"PropertyValueSpecification","valueRequired":true,"valueName":"search_term_string"}}],"inLanguage":"pt-PT"},{"@type":"Organization","@id":"https:\/\/amseco.com.br\/en\/#organization","name":"AMS - Consultoria em Biog\u00e1s e Biometano","url":"https:\/\/amseco.com.br\/en\/","logo":{"@type":"ImageObject","inLanguage":"pt-PT","@id":"https:\/\/amseco.com.br\/en\/#\/schema\/logo\/image\/","url":"https:\/\/amseco.com.br\/en\/wp-content\/uploads\/2021\/04\/400dpiLogo.png","contentUrl":"https:\/\/amseco.com.br\/en\/wp-content\/uploads\/2021\/04\/400dpiLogo.png","width":706,"height":764,"caption":"AMS - Consultoria em Biog\u00e1s e Biometano"},"image":{"@id":"https:\/\/amseco.com.br\/en\/#\/schema\/logo\/image\/"}}]}},"uagb_featured_image_src":{"full":false,"thumbnail":false,"medium":false,"medium_large":false,"large":false,"1536x1536":false,"2048x2048":false},"uagb_author_info":{"display_name":"admin","author_link":"https:\/\/amseco.com.br\/en\/blog\/author\/admin\/"},"uagb_comment_info":0,"uagb_excerpt":"Portuguese version only","_links":{"self":[{"href":"https:\/\/amseco.com.br\/en\/wp-json\/wp\/v2\/pages\/58","targetHints":{"allow":["GET"]}}],"collection":[{"href":"https:\/\/amseco.com.br\/en\/wp-json\/wp\/v2\/pages"}],"about":[{"href":"https:\/\/amseco.com.br\/en\/wp-json\/wp\/v2\/types\/page"}],"author":[{"embeddable":true,"href":"https:\/\/amseco.com.br\/en\/wp-json\/wp\/v2\/users\/1"}],"replies":[{"embeddable":true,"href":"https:\/\/amseco.com.br\/en\/wp-json\/wp\/v2\/comments?post=58"}],"version-history":[{"count":7,"href":"https:\/\/amseco.com.br\/en\/wp-json\/wp\/v2\/pages\/58\/revisions"}],"predecessor-version":[{"id":1028,"href":"https:\/\/amseco.com.br\/en\/wp-json\/wp\/v2\/pages\/58\/revisions\/1028"}],"wp:attachment":[{"href":"https:\/\/amseco.com.br\/en\/wp-json\/wp\/v2\/media?parent=58"}],"curies":[{"name":"wp","href":"https:\/\/api.w.org\/{rel}","templated":true}]}}