{"id":518,"date":"2021-06-21T11:15:05","date_gmt":"2021-06-21T14:15:05","guid":{"rendered":"https:\/\/amseco.com.br\/en\/?page_id=518"},"modified":"2022-05-04T09:21:03","modified_gmt":"2022-05-04T12:21:03","slug":"contato","status":"publish","type":"page","link":"https:\/\/amseco.com.br\/en\/contato\/","title":{"rendered":"Contact"},"content":{"rendered":"\n<section class=\"wp-block-uagb-section uagb-section__wrap uagb-section__background-image uagb-block-80d6ff61\"><div class=\"uagb-section__overlay\"><\/div><div class=\"uagb-section__inner-wrap\">\n<div class=\"wp-block-uagb-info-box uagb-infobox__outer-wrap uagb-block-02e6a61f\"><div class=\"uagb-infobox__content-wrap uagb-infobox uagb-infobox-has-icon uagb-infobox-icon-above-title uagb-infobox-image-valign-top uagb-infobox-enable-border-radius \"><div class=\"uagb-ifb-left-right-wrap\"><div class=\"uagb-ifb-content\"><div class=\"uagb-ifb-title-wrap\"><h2 class=\"uagb-ifb-title\">CONTACT <\/h2><\/div><div class=\"uagb-ifb-text-wrap\"><\/div><\/div><\/div><\/div><\/div>\n<\/div><\/section>\n\n\n\n<section class=\"wp-block-uagb-section uagb-section__wrap uagb-section__background-undefined uagb-block-79d2e114\"><div class=\"uagb-section__overlay\"><\/div><div class=\"uagb-section__inner-wrap\">\n<section class=\"wp-block-uagb-columns uagb-columns__wrap uagb-columns__background-undefined uagb-columns__stack-mobile uagb-columns__valign-undefined uagb-columns__gap-10 alignundefined uagb-block-e069e212\"><div class=\"uagb-columns__overlay\"><\/div><div class=\"uagb-columns__inner-wrap uagb-columns__columns-2\">\n<div class=\"wp-block-uagb-column uagb-column__wrap uagb-column__background-none uagb-block-b6b830a7\"><div class=\"uagb-column__overlay\"><\/div><div class=\"uagb-column__inner-wrap\"><div class=\"wpforms-container wpforms-container-full wpforms-block\" id=\"wpforms-575\"><form id=\"wpforms-form-575\" class=\"wpforms-validate wpforms-form\" data-formid=\"575\" method=\"post\" enctype=\"multipart\/form-data\" action=\"\/en\/wp-json\/wp\/v2\/pages\/518\" data-token=\"7b00ac666f9e96d07222199df28a8deb\" data-token-time=\"1777044855\"><noscript class=\"wpforms-error-noscript\">Please enable JavaScript in your browser to complete this form.<\/noscript><div class=\"wpforms-field-container\"><div id=\"wpforms-575-field_1-container\" class=\"wpforms-field wpforms-field-name\" data-field-id=\"1\"><label class=\"wpforms-field-label\" for=\"wpforms-575-field_1\">Name <span class=\"wpforms-required-label\">*<\/span><\/label><div class=\"wpforms-field-row wpforms-field-medium\"><div class=\"wpforms-field-row-block wpforms-first wpforms-one-half\"><input type=\"text\" id=\"wpforms-575-field_1\" class=\"wpforms-field-name-first wpforms-field-required\" name=\"wpforms[fields][1][first]\" placeholder=\"First name\" required><label for=\"wpforms-575-field_1\" class=\"wpforms-field-sublabel after wpforms-sublabel-hide\">First<\/label><\/div><div class=\"wpforms-field-row-block wpforms-one-half\"><input type=\"text\" id=\"wpforms-575-field_1-last\" class=\"wpforms-field-name-last wpforms-field-required\" name=\"wpforms[fields][1][last]\" placeholder=\"Last name\" required><label for=\"wpforms-575-field_1-last\" class=\"wpforms-field-sublabel after wpforms-sublabel-hide\">Last<\/label><\/div><\/div><\/div><div id=\"wpforms-575-field_2-container\" class=\"wpforms-field wpforms-field-email\" data-field-id=\"2\"><label class=\"wpforms-field-label\" for=\"wpforms-575-field_2\">Email <span class=\"wpforms-required-label\">*<\/span><\/label><input type=\"email\" id=\"wpforms-575-field_2\" class=\"wpforms-field-medium wpforms-field-required\" name=\"wpforms[fields][2]\" spellcheck=\"false\" required><\/div><div id=\"wpforms-575-field_3-container\" class=\"wpforms-field wpforms-field-text\" data-field-id=\"3\"><label class=\"wpforms-field-label\" for=\"wpforms-575-field_3\">Subject<\/label><input type=\"text\" id=\"wpforms-575-field_3\" class=\"wpforms-field-medium\" name=\"wpforms[fields][3]\" ><\/div><div id=\"wpforms-575-field_4-container\" class=\"wpforms-field wpforms-field-textarea\" data-field-id=\"4\"><label class=\"wpforms-field-label\" for=\"wpforms-575-field_4\">Message<\/label><textarea id=\"wpforms-575-field_4\" class=\"wpforms-field-medium\" name=\"wpforms[fields][4]\" ><\/textarea><div class=\"wpforms-field-description\">Write your message<\/div><\/div><\/div><!-- .wpforms-field-container --><div class=\"wpforms-submit-container\" ><input type=\"hidden\" name=\"wpforms[id]\" value=\"575\"><input type=\"hidden\" name=\"page_title\" value=\"\"><input type=\"hidden\" name=\"page_url\" value=\"https:\/\/amseco.com.br\/en\/wp-json\/wp\/v2\/pages\/518\"><input type=\"hidden\" name=\"url_referer\" value=\"\"><button type=\"submit\" name=\"wpforms[submit]\" id=\"wpforms-submit-575\" class=\"wpforms-submit\" data-alt-text=\"Sending...\" data-submit-text=\"Send\" aria-live=\"assertive\" value=\"wpforms-submit\">Send<\/button><\/div><\/form><\/div>  <!-- .wpforms-container --><\/div><\/div>\n\n\n\n<div class=\"wp-block-uagb-column uagb-column__wrap uagb-column__background-undefined uagb-block-ed5474b1\"><div class=\"uagb-column__overlay\"><\/div><div class=\"uagb-column__inner-wrap\">\n<div class=\"wp-block-image\"><figure class=\"alignright size-full\"><img loading=\"lazy\" decoding=\"async\" width=\"789\" height=\"553\" src=\"https:\/\/amseco.com.br\/en\/wp-content\/uploads\/2021\/06\/AMS-Consultoria-em-Producao-de-Biometano2.jpg\" alt=\"AMS - Consultoria em Produ\u00e7\u00e3o de Biometano\" class=\"wp-image-363\" srcset=\"https:\/\/amseco.com.br\/en\/wp-content\/uploads\/2021\/06\/AMS-Consultoria-em-Producao-de-Biometano2.jpg 789w, https:\/\/amseco.com.br\/en\/wp-content\/uploads\/2021\/06\/AMS-Consultoria-em-Producao-de-Biometano2-300x210.jpg 300w, https:\/\/amseco.com.br\/en\/wp-content\/uploads\/2021\/06\/AMS-Consultoria-em-Producao-de-Biometano2-768x538.jpg 768w\" sizes=\"auto, (max-width: 789px) 100vw, 789px\" \/><\/figure><\/div>\n\n\n\n<p><\/p>\n\n\n\n<div class=\"wp-block-uagb-info-box uagb-infobox__outer-wrap uagb-block-d34383ce\"><div class=\"uagb-infobox__content-wrap uagb-infobox uagb-infobox-has-icon uagb-infobox-icon-left-title uagb-infobox-left uagb-infobox-image-valign-middle uagb-infobox-enable-border-radius \"><div class=\"uagb-ifb-left-right-wrap\"><div class=\"uagb-ifb-content\"><div class=\"uagb-ifb-left-title-image\"><div class=\"uagb-ifb-image-icon-content uagb-ifb-imgicon-wrap\"><div class=\"uagb-ifb-icon-wrap\"><span class=\"uagb-ifb-icon\"><svg xmlns=\"http:\/\/www.w3.org\/2000\/svg\" viewbox=\"0 0 576 512\"><path d=\"M528 32H48C21.5 32 0 53.5 0 80v352c0 26.5 21.5 48 48 48h480c26.5 0 48-21.5 48-48V80c0-26.5-21.5-48-48-48zm-352 96c35.3 0 64 28.7 64 64s-28.7 64-64 64-64-28.7-64-64 28.7-64 64-64zm112 236.8c0 10.6-10 19.2-22.4 19.2H86.4C74 384 64 375.4 64 364.8v-19.2c0-31.8 30.1-57.6 67.2-57.6h5c12.3 5.1 25.7 8 39.8 8s27.6-2.9 39.8-8h5c37.1 0 67.2 25.8 67.2 57.6v19.2zM512 312c0 4.4-3.6 8-8 8H360c-4.4 0-8-3.6-8-8v-16c0-4.4 3.6-8 8-8h144c4.4 0 8 3.6 8 8v16zm0-64c0 4.4-3.6 8-8 8H360c-4.4 0-8-3.6-8-8v-16c0-4.4 3.6-8 8-8h144c4.4 0 8 3.6 8 8v16zm0-64c0 4.4-3.6 8-8 8H360c-4.4 0-8-3.6-8-8v-16c0-4.4 3.6-8 8-8h144c4.4 0 8 3.6 8 8v16z\"><\/path><\/svg><\/span><\/div><\/div><div class=\"uagb-ifb-title-wrap\"><span class=\"uagb-ifb-title-prefix\"><strong>AMS &#8211; Consultoria em Biog\u00e1s e Biometano<\/strong><br>Rua Bar\u00e3o de Teffe, 160 &#8211; Conjunto 505 &#8211; Anexo V36<br>Jardim Ana Maria<br>Jundia\u00ed\/SP &#8211; CEP: 13208-760<br><a href=\"mailto:info@amseco.com.br\">info@amseco.com.br<\/a><br><\/span><\/div><\/div><div class=\"uagb-ifb-text-wrap\"><\/div><\/div><\/div><\/div><\/div>\n<\/div><\/div>\n<\/div><\/section>\n<\/div><\/section>\n","protected":false},"excerpt":{"rendered":"","protected":false},"author":1,"featured_media":0,"parent":0,"menu_order":0,"comment_status":"closed","ping_status":"closed","template":"","meta":{"_uag_custom_page_level_css":"","site-sidebar-layout":"default","site-content-layout":"page-builder","ast-site-content-layout":"default","site-content-style":"default","site-sidebar-style":"default","ast-global-header-display":"","ast-banner-title-visibility":"","ast-main-header-display":"","ast-hfb-above-header-display":"","ast-hfb-below-header-display":"","ast-hfb-mobile-header-display":"","site-post-title":"disabled","ast-breadcrumbs-content":"","ast-featured-img":"","footer-sml-layout":"","ast-disable-related-posts":"","theme-transparent-header-meta":"default","adv-header-id-meta":"","stick-header-meta":"","header-above-stick-meta":"","header-main-stick-meta":"","header-below-stick-meta":"","astra-migrate-meta-layouts":"default","ast-page-background-enabled":"default","ast-page-background-meta":{"desktop":{"background-color":"","background-image":"","background-repeat":"repeat","background-position":"center center","background-size":"auto","background-attachment":"scroll","background-type":"","background-media":"","overlay-type":"","overlay-color":"","overlay-opacity":"","overlay-gradient":""},"tablet":{"background-color":"","background-image":"","background-repeat":"repeat","background-position":"center center","background-size":"auto","background-attachment":"scroll","background-type":"","background-media":"","overlay-type":"","overlay-color":"","overlay-opacity":"","overlay-gradient":""},"mobile":{"background-color":"","background-image":"","background-repeat":"repeat","background-position":"center center","background-size":"auto","background-attachment":"scroll","background-type":"","background-media":"","overlay-type":"","overlay-color":"","overlay-opacity":"","overlay-gradient":""}},"ast-content-background-meta":{"desktop":{"background-color":"var(--ast-global-color-5)","background-image":"","background-repeat":"repeat","background-position":"center center","background-size":"auto","background-attachment":"scroll","background-type":"","background-media":"","overlay-type":"","overlay-color":"","overlay-opacity":"","overlay-gradient":""},"tablet":{"background-color":"var(--ast-global-color-5)","background-image":"","background-repeat":"repeat","background-position":"center center","background-size":"auto","background-attachment":"scroll","background-type":"","background-media":"","overlay-type":"","overlay-color":"","overlay-opacity":"","overlay-gradient":""},"mobile":{"background-color":"var(--ast-global-color-5)","background-image":"","background-repeat":"repeat","background-position":"center center","background-size":"auto","background-attachment":"scroll","background-type":"","background-media":"","overlay-type":"","overlay-color":"","overlay-opacity":"","overlay-gradient":""}},"footnotes":""},"class_list":["post-518","page","type-page","status-publish","hentry"],"yoast_head":"<!-- This site is optimized with the Yoast SEO plugin v27.4 - https:\/\/yoast.com\/product\/yoast-seo-wordpress\/ -->\n<title>AMS - Consultoria em Biog\u00e1s e Biometano<\/title>\n<meta name=\"description\" content=\"A AMS \u00e9 uma empresa de consultoria que ap\u00f3ia clientes em projetos de valoriza\u00e7\u00e3o energ\u00e9tica de biog\u00e1s e produ\u00e7\u00e3o de biometano para ve\u00edculos a g\u00e1s.\" \/>\n<meta name=\"robots\" content=\"index, follow, max-snippet:-1, max-image-preview:large, max-video-preview:-1\" \/>\n<link rel=\"canonical\" href=\"https:\/\/amseco.com.br\/en\/contato\/\" \/>\n<meta property=\"og:locale\" content=\"pt_PT\" \/>\n<meta property=\"og:type\" content=\"article\" \/>\n<meta property=\"og:title\" content=\"AMS - Consultoria em Biog\u00e1s e Biometano\" \/>\n<meta property=\"og:description\" content=\"A AMS \u00e9 uma empresa de consultoria que ap\u00f3ia clientes em projetos de valoriza\u00e7\u00e3o energ\u00e9tica de biog\u00e1s e produ\u00e7\u00e3o de biometano para ve\u00edculos a g\u00e1s.\" \/>\n<meta property=\"og:url\" content=\"https:\/\/amseco.com.br\/en\/contato\/\" \/>\n<meta property=\"og:site_name\" content=\"AMS - Consultoria em Biog\u00e1s e Biometano\" \/>\n<meta property=\"article:modified_time\" content=\"2022-05-04T12:21:03+00:00\" \/>\n<meta property=\"og:image\" content=\"https:\/\/amseco.com.br\/en\/wp-content\/uploads\/2021\/06\/AMS-Consultoria-em-Producao-de-Biometano2.jpg\" \/>\n<meta name=\"twitter:card\" content=\"summary_large_image\" \/>\n<meta name=\"twitter:label1\" content=\"Tempo estimado de leitura\" \/>\n\t<meta name=\"twitter:data1\" content=\"1 minuto\" \/>\n<script type=\"application\/ld+json\" class=\"yoast-schema-graph\">{\"@context\":\"https:\\\/\\\/schema.org\",\"@graph\":[{\"@type\":\"WebPage\",\"@id\":\"https:\\\/\\\/amseco.com.br\\\/en\\\/contato\\\/\",\"url\":\"https:\\\/\\\/amseco.com.br\\\/en\\\/contato\\\/\",\"name\":\"AMS - Consultoria em Biog\u00e1s e Biometano\",\"isPartOf\":{\"@id\":\"https:\\\/\\\/amseco.com.br\\\/en\\\/#website\"},\"primaryImageOfPage\":{\"@id\":\"https:\\\/\\\/amseco.com.br\\\/en\\\/contato\\\/#primaryimage\"},\"image\":{\"@id\":\"https:\\\/\\\/amseco.com.br\\\/en\\\/contato\\\/#primaryimage\"},\"thumbnailUrl\":\"https:\\\/\\\/amseco.com.br\\\/en\\\/wp-content\\\/uploads\\\/2021\\\/06\\\/AMS-Consultoria-em-Producao-de-Biometano2.jpg\",\"datePublished\":\"2021-06-21T14:15:05+00:00\",\"dateModified\":\"2022-05-04T12:21:03+00:00\",\"description\":\"A AMS \u00e9 uma empresa de consultoria que ap\u00f3ia clientes em projetos de valoriza\u00e7\u00e3o energ\u00e9tica de biog\u00e1s e produ\u00e7\u00e3o de biometano para ve\u00edculos a g\u00e1s.\",\"breadcrumb\":{\"@id\":\"https:\\\/\\\/amseco.com.br\\\/en\\\/contato\\\/#breadcrumb\"},\"inLanguage\":\"pt-PT\",\"potentialAction\":[{\"@type\":\"ReadAction\",\"target\":[\"https:\\\/\\\/amseco.com.br\\\/en\\\/contato\\\/\"]}]},{\"@type\":\"ImageObject\",\"inLanguage\":\"pt-PT\",\"@id\":\"https:\\\/\\\/amseco.com.br\\\/en\\\/contato\\\/#primaryimage\",\"url\":\"https:\\\/\\\/amseco.com.br\\\/en\\\/wp-content\\\/uploads\\\/2021\\\/06\\\/AMS-Consultoria-em-Producao-de-Biometano2.jpg\",\"contentUrl\":\"https:\\\/\\\/amseco.com.br\\\/en\\\/wp-content\\\/uploads\\\/2021\\\/06\\\/AMS-Consultoria-em-Producao-de-Biometano2.jpg\",\"width\":789,\"height\":553,\"caption\":\"AMS - Consultoria em Produ\u00e7\u00e3o de Biometano\"},{\"@type\":\"BreadcrumbList\",\"@id\":\"https:\\\/\\\/amseco.com.br\\\/en\\\/contato\\\/#breadcrumb\",\"itemListElement\":[{\"@type\":\"ListItem\",\"position\":1,\"name\":\"In\u00edcio\",\"item\":\"https:\\\/\\\/amseco.com.br\\\/en\\\/\"},{\"@type\":\"ListItem\",\"position\":2,\"name\":\"Contact\"}]},{\"@type\":\"WebSite\",\"@id\":\"https:\\\/\\\/amseco.com.br\\\/en\\\/#website\",\"url\":\"https:\\\/\\\/amseco.com.br\\\/en\\\/\",\"name\":\"AMS - Consultoria em Biog\u00e1s e Biometano\",\"description\":\"Empresa de consultoria que ap\u00f3ia clientes em projetos de valoriza\u00e7\u00e3o energ\u00e9tica de biog\u00e1s e produ\u00e7\u00e3o de biometano para ve\u00edculos a g\u00e1s\",\"publisher\":{\"@id\":\"https:\\\/\\\/amseco.com.br\\\/en\\\/#organization\"},\"potentialAction\":[{\"@type\":\"SearchAction\",\"target\":{\"@type\":\"EntryPoint\",\"urlTemplate\":\"https:\\\/\\\/amseco.com.br\\\/en\\\/?s={search_term_string}\"},\"query-input\":{\"@type\":\"PropertyValueSpecification\",\"valueRequired\":true,\"valueName\":\"search_term_string\"}}],\"inLanguage\":\"pt-PT\"},{\"@type\":\"Organization\",\"@id\":\"https:\\\/\\\/amseco.com.br\\\/en\\\/#organization\",\"name\":\"AMS - Consultoria em Biog\u00e1s e Biometano\",\"url\":\"https:\\\/\\\/amseco.com.br\\\/en\\\/\",\"logo\":{\"@type\":\"ImageObject\",\"inLanguage\":\"pt-PT\",\"@id\":\"https:\\\/\\\/amseco.com.br\\\/en\\\/#\\\/schema\\\/logo\\\/image\\\/\",\"url\":\"https:\\\/\\\/amseco.com.br\\\/en\\\/wp-content\\\/uploads\\\/2021\\\/04\\\/400dpiLogo.png\",\"contentUrl\":\"https:\\\/\\\/amseco.com.br\\\/en\\\/wp-content\\\/uploads\\\/2021\\\/04\\\/400dpiLogo.png\",\"width\":706,\"height\":764,\"caption\":\"AMS - Consultoria em Biog\u00e1s e Biometano\"},\"image\":{\"@id\":\"https:\\\/\\\/amseco.com.br\\\/en\\\/#\\\/schema\\\/logo\\\/image\\\/\"}}]}<\/script>\n<!-- \/ Yoast SEO plugin. -->","yoast_head_json":{"title":"AMS - Consultoria em Biog\u00e1s e Biometano","description":"A AMS \u00e9 uma empresa de consultoria que ap\u00f3ia clientes em projetos de valoriza\u00e7\u00e3o energ\u00e9tica de biog\u00e1s e produ\u00e7\u00e3o de biometano para ve\u00edculos a g\u00e1s.","robots":{"index":"index","follow":"follow","max-snippet":"max-snippet:-1","max-image-preview":"max-image-preview:large","max-video-preview":"max-video-preview:-1"},"canonical":"https:\/\/amseco.com.br\/en\/contato\/","og_locale":"pt_PT","og_type":"article","og_title":"AMS - Consultoria em Biog\u00e1s e Biometano","og_description":"A AMS \u00e9 uma empresa de consultoria que ap\u00f3ia clientes em projetos de valoriza\u00e7\u00e3o energ\u00e9tica de biog\u00e1s e produ\u00e7\u00e3o de biometano para ve\u00edculos a g\u00e1s.","og_url":"https:\/\/amseco.com.br\/en\/contato\/","og_site_name":"AMS - Consultoria em Biog\u00e1s e Biometano","article_modified_time":"2022-05-04T12:21:03+00:00","og_image":[{"url":"https:\/\/amseco.com.br\/en\/wp-content\/uploads\/2021\/06\/AMS-Consultoria-em-Producao-de-Biometano2.jpg","type":"","width":"","height":""}],"twitter_card":"summary_large_image","twitter_misc":{"Tempo estimado de leitura":"1 minuto"},"schema":{"@context":"https:\/\/schema.org","@graph":[{"@type":"WebPage","@id":"https:\/\/amseco.com.br\/en\/contato\/","url":"https:\/\/amseco.com.br\/en\/contato\/","name":"AMS - Consultoria em Biog\u00e1s e Biometano","isPartOf":{"@id":"https:\/\/amseco.com.br\/en\/#website"},"primaryImageOfPage":{"@id":"https:\/\/amseco.com.br\/en\/contato\/#primaryimage"},"image":{"@id":"https:\/\/amseco.com.br\/en\/contato\/#primaryimage"},"thumbnailUrl":"https:\/\/amseco.com.br\/en\/wp-content\/uploads\/2021\/06\/AMS-Consultoria-em-Producao-de-Biometano2.jpg","datePublished":"2021-06-21T14:15:05+00:00","dateModified":"2022-05-04T12:21:03+00:00","description":"A AMS \u00e9 uma empresa de consultoria que ap\u00f3ia clientes em projetos de valoriza\u00e7\u00e3o energ\u00e9tica de biog\u00e1s e produ\u00e7\u00e3o de biometano para ve\u00edculos a g\u00e1s.","breadcrumb":{"@id":"https:\/\/amseco.com.br\/en\/contato\/#breadcrumb"},"inLanguage":"pt-PT","potentialAction":[{"@type":"ReadAction","target":["https:\/\/amseco.com.br\/en\/contato\/"]}]},{"@type":"ImageObject","inLanguage":"pt-PT","@id":"https:\/\/amseco.com.br\/en\/contato\/#primaryimage","url":"https:\/\/amseco.com.br\/en\/wp-content\/uploads\/2021\/06\/AMS-Consultoria-em-Producao-de-Biometano2.jpg","contentUrl":"https:\/\/amseco.com.br\/en\/wp-content\/uploads\/2021\/06\/AMS-Consultoria-em-Producao-de-Biometano2.jpg","width":789,"height":553,"caption":"AMS - Consultoria em Produ\u00e7\u00e3o de Biometano"},{"@type":"BreadcrumbList","@id":"https:\/\/amseco.com.br\/en\/contato\/#breadcrumb","itemListElement":[{"@type":"ListItem","position":1,"name":"In\u00edcio","item":"https:\/\/amseco.com.br\/en\/"},{"@type":"ListItem","position":2,"name":"Contact"}]},{"@type":"WebSite","@id":"https:\/\/amseco.com.br\/en\/#website","url":"https:\/\/amseco.com.br\/en\/","name":"AMS - Consultoria em Biog\u00e1s e Biometano","description":"Empresa de consultoria que ap\u00f3ia clientes em projetos de valoriza\u00e7\u00e3o energ\u00e9tica de biog\u00e1s e produ\u00e7\u00e3o de biometano para ve\u00edculos a g\u00e1s","publisher":{"@id":"https:\/\/amseco.com.br\/en\/#organization"},"potentialAction":[{"@type":"SearchAction","target":{"@type":"EntryPoint","urlTemplate":"https:\/\/amseco.com.br\/en\/?s={search_term_string}"},"query-input":{"@type":"PropertyValueSpecification","valueRequired":true,"valueName":"search_term_string"}}],"inLanguage":"pt-PT"},{"@type":"Organization","@id":"https:\/\/amseco.com.br\/en\/#organization","name":"AMS - Consultoria em Biog\u00e1s e Biometano","url":"https:\/\/amseco.com.br\/en\/","logo":{"@type":"ImageObject","inLanguage":"pt-PT","@id":"https:\/\/amseco.com.br\/en\/#\/schema\/logo\/image\/","url":"https:\/\/amseco.com.br\/en\/wp-content\/uploads\/2021\/04\/400dpiLogo.png","contentUrl":"https:\/\/amseco.com.br\/en\/wp-content\/uploads\/2021\/04\/400dpiLogo.png","width":706,"height":764,"caption":"AMS - Consultoria em Biog\u00e1s e Biometano"},"image":{"@id":"https:\/\/amseco.com.br\/en\/#\/schema\/logo\/image\/"}}]}},"uagb_featured_image_src":{"full":false,"thumbnail":false,"medium":false,"medium_large":false,"large":false,"1536x1536":false,"2048x2048":false},"uagb_author_info":{"display_name":"admin","author_link":"https:\/\/amseco.com.br\/en\/blog\/author\/admin\/"},"uagb_comment_info":0,"uagb_excerpt":null,"_links":{"self":[{"href":"https:\/\/amseco.com.br\/en\/wp-json\/wp\/v2\/pages\/518","targetHints":{"allow":["GET"]}}],"collection":[{"href":"https:\/\/amseco.com.br\/en\/wp-json\/wp\/v2\/pages"}],"about":[{"href":"https:\/\/amseco.com.br\/en\/wp-json\/wp\/v2\/types\/page"}],"author":[{"embeddable":true,"href":"https:\/\/amseco.com.br\/en\/wp-json\/wp\/v2\/users\/1"}],"replies":[{"embeddable":true,"href":"https:\/\/amseco.com.br\/en\/wp-json\/wp\/v2\/comments?post=518"}],"version-history":[{"count":52,"href":"https:\/\/amseco.com.br\/en\/wp-json\/wp\/v2\/pages\/518\/revisions"}],"predecessor-version":[{"id":1036,"href":"https:\/\/amseco.com.br\/en\/wp-json\/wp\/v2\/pages\/518\/revisions\/1036"}],"wp:attachment":[{"href":"https:\/\/amseco.com.br\/en\/wp-json\/wp\/v2\/media?parent=518"}],"curies":[{"name":"wp","href":"https:\/\/api.w.org\/{rel}","templated":true}]}}