{"id":509,"date":"2021-06-21T11:07:20","date_gmt":"2021-06-21T14:07:20","guid":{"rendered":"https:\/\/amseco.com.br\/en\/?page_id=509"},"modified":"2022-05-04T09:09:56","modified_gmt":"2022-05-04T12:09:56","slug":"clientes","status":"publish","type":"page","link":"https:\/\/amseco.com.br\/en\/clientes\/","title":{"rendered":"Customers"},"content":{"rendered":"\n<section class=\"wp-block-uagb-section uagb-section__wrap uagb-section__background-image uagb-block-fb2f5005\"><div class=\"uagb-section__overlay\"><\/div><div class=\"uagb-section__inner-wrap\">\n<div class=\"wp-block-uagb-info-box uagb-infobox__outer-wrap uagb-block-75850137\"><div class=\"uagb-infobox__content-wrap uagb-infobox uagb-infobox-has-icon uagb-infobox-icon-above-title uagb-infobox-image-valign-top uagb-infobox-enable-border-radius \"><div class=\"uagb-ifb-left-right-wrap\"><div class=\"uagb-ifb-content\"><div class=\"uagb-ifb-title-wrap\"><span class=\"uagb-ifb-title-prefix\">Our Mains Customers<\/span><h2 class=\"uagb-ifb-title\">We develop projects and offer consulting services for companies from different sectors<\/h2><\/div><div class=\"uagb-ifb-text-wrap\"><\/div><\/div><\/div><\/div><\/div>\n<\/div><\/section>\n\n\n\n<section class=\"wp-block-uagb-section uagb-section__wrap uagb-section__background-color uagb-block-12a10ac1\" id=\"nossos-clientes\"><div class=\"uagb-section__overlay\"><\/div><div class=\"uagb-section__inner-wrap\">\n<div class=\"wp-block-uagb-info-box uagb-infobox__outer-wrap uagb-block-d131460e\"><div class=\"uagb-infobox__content-wrap uagb-infobox uagb-infobox-has-icon uagb-infobox-icon-above-title uagb-infobox-image-valign-top uagb-infobox-enable-border-radius \"><div class=\"uagb-ifb-left-right-wrap\"><div class=\"uagb-ifb-content\"><div class=\"uagb-ifb-title-wrap\"><\/div><div class=\"uagb-ifb-text-wrap\"><\/div><\/div><\/div><\/div><\/div>\n\n\n\n<section class=\"wp-block-uagb-columns uagb-columns__wrap uagb-columns__background-undefined uagb-columns__stack-mobile uagb-columns__valign-undefined uagb-columns__gap-10 alignundefined uagb-block-eadf6d0f\"><div class=\"uagb-columns__overlay\"><\/div><div class=\"uagb-columns__inner-wrap uagb-columns__columns-5\">\n<div class=\"wp-block-uagb-column uagb-column__wrap uagb-column__background-color uagb-block-1fc7d9ce\"><div class=\"uagb-column__overlay\"><\/div><div class=\"uagb-column__inner-wrap\">\n<div class=\"wp-block-image\"><figure class=\"aligncenter size-large\"><a href=\"https:\/\/www.caseih.com\/latam\/pt-br\/home\" target=\"_blank\" rel=\"noopener\"><img loading=\"lazy\" decoding=\"async\" width=\"200\" height=\"69\" src=\"https:\/\/amseco.com.br\/en\/wp-content\/uploads\/2021\/06\/Case-IH.png\" alt=\"\" class=\"wp-image-422\"\/><\/a><\/figure><\/div>\n\n\n\n<p><\/p>\n<\/div><\/div>\n\n\n\n<div class=\"wp-block-uagb-column uagb-column__wrap uagb-column__background-color uagb-block-57226487\"><div class=\"uagb-column__overlay\"><\/div><div class=\"uagb-column__inner-wrap\">\n<div class=\"wp-block-image\"><figure class=\"aligncenter size-large\"><a href=\"https:\/\/www.cnhindustrial.com\/en-us\/Pages\/homepage.aspx\" target=\"_blank\" rel=\"noopener\"><img loading=\"lazy\" decoding=\"async\" width=\"140\" height=\"87\" src=\"https:\/\/amseco.com.br\/en\/wp-content\/uploads\/2021\/06\/CNHi.png\" alt=\"\" class=\"wp-image-423\"\/><\/a><\/figure><\/div>\n<\/div><\/div>\n\n\n\n<div class=\"wp-block-uagb-column uagb-column__wrap uagb-column__background-color uagb-block-1ca4ed20\"><div class=\"uagb-column__overlay\"><\/div><div class=\"uagb-column__inner-wrap\">\n<div class=\"wp-block-image\"><figure class=\"aligncenter size-large is-resized\"><a href=\"https:\/\/www.fptindustrial.com\/global\/pt\" target=\"_blank\" rel=\"noopener\"><img loading=\"lazy\" decoding=\"async\" src=\"https:\/\/amseco.com.br\/en\/wp-content\/uploads\/2021\/07\/FPT_Logo_Red-v3.png\" alt=\"FPT Industrial - Cliente AMS\" class=\"wp-image-677\" width=\"210\" height=\"83\"\/><\/a><\/figure><\/div>\n<\/div><\/div>\n\n\n\n<div class=\"wp-block-uagb-column uagb-column__wrap uagb-column__background-color uagb-block-bb29f45d\"><div class=\"uagb-column__overlay\"><\/div><div class=\"uagb-column__inner-wrap\">\n<div class=\"wp-block-image\"><figure class=\"aligncenter size-large\"><a href=\"https:\/\/www.iveco.com\/brasil\/pages\/home-page.aspx\" target=\"_blank\" rel=\"noopener\"><img loading=\"lazy\" decoding=\"async\" width=\"202\" height=\"61\" src=\"https:\/\/amseco.com.br\/en\/wp-content\/uploads\/2021\/06\/Iveco.png\" alt=\"\" class=\"wp-image-425\"\/><\/a><\/figure><\/div>\n<\/div><\/div>\n\n\n\n<div class=\"wp-block-uagb-column uagb-column__wrap uagb-column__background-color uagb-block-f05485ba\"><div class=\"uagb-column__overlay\"><\/div><div class=\"uagb-column__inner-wrap\">\n<div class=\"wp-block-image\"><figure class=\"aligncenter size-large\"><a href=\"https:\/\/agriculture.newholland.com\/lar\/pt-br\" target=\"_blank\" rel=\"noopener\"><img loading=\"lazy\" decoding=\"async\" width=\"204\" height=\"68\" src=\"https:\/\/amseco.com.br\/en\/wp-content\/uploads\/2021\/06\/New-Holland-Agriculture.png\" alt=\"\" class=\"wp-image-426\"\/><\/a><\/figure><\/div>\n<\/div><\/div>\n<\/div><\/section>\n\n\n\n<section class=\"wp-block-uagb-columns uagb-columns__wrap uagb-columns__background-undefined uagb-columns__stack-mobile uagb-columns__valign-undefined uagb-columns__gap-10 alignundefined uagb-block-07774908\"><div class=\"uagb-columns__overlay\"><\/div><div class=\"uagb-columns__inner-wrap uagb-columns__columns-5\">\n<div class=\"wp-block-uagb-column uagb-column__wrap uagb-column__background-color uagb-block-481f62a6\"><div class=\"uagb-column__overlay\"><\/div><div class=\"uagb-column__inner-wrap\">\n<div class=\"wp-block-image\"><figure class=\"aligncenter size-large is-resized\"><a href=\"https:\/\/construction.newholland.com\/lar\/pt\" target=\"_blank\" rel=\"noopener\"><img loading=\"lazy\" decoding=\"async\" src=\"https:\/\/amseco.com.br\/en\/wp-content\/uploads\/2021\/06\/New-Holland-Construction.png\" alt=\"\" class=\"wp-image-427\" width=\"204\" height=\"68\"\/><\/a><\/figure><\/div>\n<\/div><\/div>\n\n\n\n<div class=\"wp-block-uagb-column uagb-column__wrap uagb-column__background-color uagb-block-2919c7a2\"><div class=\"uagb-column__overlay\"><\/div><div class=\"uagb-column__inner-wrap\">\n<div class=\"wp-block-image\"><figure class=\"aligncenter size-large\"><a href=\"https:\/\/www.sotreq.com.br\/\" target=\"_blank\" rel=\"noopener\"><img loading=\"lazy\" decoding=\"async\" width=\"229\" height=\"64\" src=\"https:\/\/amseco.com.br\/en\/wp-content\/uploads\/2021\/06\/Sotreq.png\" alt=\"\" class=\"wp-image-428\"\/><\/a><\/figure><\/div>\n<\/div><\/div>\n\n\n\n<div class=\"wp-block-uagb-column uagb-column__wrap uagb-column__background-color uagb-block-f64712ca\"><div class=\"uagb-column__overlay\"><\/div><div class=\"uagb-column__inner-wrap\">\n<div class=\"wp-block-image\"><figure class=\"aligncenter size-large\"><a href=\"https:\/\/fenicenergia.com\/\" target=\"_blank\" rel=\"noopener\"><img loading=\"lazy\" decoding=\"async\" width=\"217\" height=\"73\" src=\"https:\/\/amseco.com.br\/en\/wp-content\/uploads\/2021\/06\/Fenice.png\" alt=\"\" class=\"wp-image-429\"\/><\/a><\/figure><\/div>\n<\/div><\/div>\n\n\n\n<div class=\"wp-block-uagb-column uagb-column__wrap uagb-column__background-color uagb-block-6c748b2b\"><div class=\"uagb-column__overlay\"><\/div><div class=\"uagb-column__inner-wrap\">\n<div class=\"wp-block-image\"><figure class=\"aligncenter size-large\"><a href=\"https:\/\/www.veolia.com\/latamib\/pt\" target=\"_blank\" rel=\"noopener\"><img loading=\"lazy\" decoding=\"async\" width=\"223\" height=\"73\" src=\"https:\/\/amseco.com.br\/en\/wp-content\/uploads\/2021\/06\/Veolia.png\" alt=\"\" class=\"wp-image-430\"\/><\/a><\/figure><\/div>\n<\/div><\/div>\n\n\n\n<div class=\"wp-block-uagb-column uagb-column__wrap uagb-column__background-undefined uagb-block-c3dacbfd\"><div class=\"uagb-column__overlay\"><\/div><div class=\"uagb-column__inner-wrap\"><\/div><\/div>\n<\/div><\/section>\n<\/div><\/section>\n\n\n\n<section class=\"wp-block-uagb-section uagb-section__wrap uagb-section__background-image uagb-block-48ca6380\"><div class=\"uagb-section__overlay\"><\/div><div class=\"uagb-section__inner-wrap\">\n<section class=\"wp-block-uagb-columns uagb-columns__wrap uagb-columns__background-undefined uagb-columns__stack-mobile uagb-columns__valign-undefined uagb-columns__gap-10 alignundefined uagb-block-889233cc\"><div class=\"uagb-columns__overlay\"><\/div><div class=\"uagb-columns__inner-wrap uagb-columns__columns-2\">\n<div class=\"wp-block-uagb-column uagb-column__wrap uagb-column__background-undefined uagb-block-3f21dc23\"><div class=\"uagb-column__overlay\"><\/div><div class=\"uagb-column__inner-wrap\">\n<div class=\"wp-block-uagb-info-box uagb-infobox__outer-wrap uagb-block-503678bd\"><div class=\"uagb-infobox__content-wrap uagb-infobox uagb-infobox-has-icon uagb-infobox-icon-above-title uagb-infobox-image-valign-top uagb-infobox-enable-border-radius \"><div class=\"uagb-ifb-left-right-wrap\"><div class=\"uagb-ifb-content\"><div class=\"uagb-ifb-title-wrap\"><h2 class=\"uagb-ifb-title\">Learn about biogas power generation and biomethane production for use in gas vehicles<\/h2><\/div><div class=\"uagb-ifb-text-wrap\"><\/div><\/div><\/div><\/div><\/div>\n\n\n\n<p><\/p>\n<\/div><\/div>\n\n\n\n<div class=\"wp-block-uagb-column uagb-column__wrap uagb-column__background-undefined uagb-block-a4a4fa3f\"><div class=\"uagb-column__overlay\"><\/div><div class=\"uagb-column__inner-wrap\">\n<div class=\"wp-block-uagb-info-box uagb-infobox__outer-wrap uagb-block-eba4e671\"><div class=\"uagb-infobox__content-wrap uagb-infobox uagb-infobox-has-icon uagb-infobox-icon-above-title uagb-infobox-image-valign-top uagb-infobox-enable-border-radius \"><div class=\"uagb-ifb-left-right-wrap\"><div class=\"uagb-ifb-content\"><div class=\"uagb-ifb-title-wrap\"><\/div><div class=\"uagb-ifb-text-wrap\"><div class=\"uagb-ifb-cta uagb-infobox-cta-link-style\"><div class=\"uagb-ifb-button-wrapper\"><a href=\"https:\/\/amseco.com.br\/en\/blog\/\" class=\"uagb-infobox-cta-link uagb-ifb-cta-button\" target=\"_self\" rel=\"noopener noreferrer\"><span class=\"uagb-ifb-cta-content-wrapper\"><span class=\"uagb-inline-editing \">BLOG (PORTUGUESE VERSION ONLY)<\/span><\/span><\/a><\/div><\/div><\/div><\/div><\/div><\/div><\/div>\n<\/div><\/div>\n<\/div><\/section>\n<\/div><\/section>\n","protected":false},"excerpt":{"rendered":"","protected":false},"author":1,"featured_media":0,"parent":0,"menu_order":0,"comment_status":"closed","ping_status":"closed","template":"","meta":{"_uag_custom_page_level_css":"","site-sidebar-layout":"default","site-content-layout":"page-builder","ast-site-content-layout":"default","site-content-style":"default","site-sidebar-style":"default","ast-global-header-display":"","ast-banner-title-visibility":"","ast-main-header-display":"","ast-hfb-above-header-display":"","ast-hfb-below-header-display":"","ast-hfb-mobile-header-display":"","site-post-title":"disabled","ast-breadcrumbs-content":"","ast-featured-img":"disabled","footer-sml-layout":"","ast-disable-related-posts":"","theme-transparent-header-meta":"default","adv-header-id-meta":"","stick-header-meta":"","header-above-stick-meta":"","header-main-stick-meta":"","header-below-stick-meta":"","astra-migrate-meta-layouts":"default","ast-page-background-enabled":"default","ast-page-background-meta":{"desktop":{"background-color":"","background-image":"","background-repeat":"repeat","background-position":"center center","background-size":"auto","background-attachment":"scroll","background-type":"","background-media":"","overlay-type":"","overlay-color":"","overlay-opacity":"","overlay-gradient":""},"tablet":{"background-color":"","background-image":"","background-repeat":"repeat","background-position":"center center","background-size":"auto","background-attachment":"scroll","background-type":"","background-media":"","overlay-type":"","overlay-color":"","overlay-opacity":"","overlay-gradient":""},"mobile":{"background-color":"","background-image":"","background-repeat":"repeat","background-position":"center center","background-size":"auto","background-attachment":"scroll","background-type":"","background-media":"","overlay-type":"","overlay-color":"","overlay-opacity":"","overlay-gradient":""}},"ast-content-background-meta":{"desktop":{"background-color":"var(--ast-global-color-5)","background-image":"","background-repeat":"repeat","background-position":"center center","background-size":"auto","background-attachment":"scroll","background-type":"","background-media":"","overlay-type":"","overlay-color":"","overlay-opacity":"","overlay-gradient":""},"tablet":{"background-color":"var(--ast-global-color-5)","background-image":"","background-repeat":"repeat","background-position":"center center","background-size":"auto","background-attachment":"scroll","background-type":"","background-media":"","overlay-type":"","overlay-color":"","overlay-opacity":"","overlay-gradient":""},"mobile":{"background-color":"var(--ast-global-color-5)","background-image":"","background-repeat":"repeat","background-position":"center center","background-size":"auto","background-attachment":"scroll","background-type":"","background-media":"","overlay-type":"","overlay-color":"","overlay-opacity":"","overlay-gradient":""}},"footnotes":""},"class_list":["post-509","page","type-page","status-publish","hentry"],"yoast_head":"<!-- This site is optimized with the Yoast SEO plugin v27.4 - https:\/\/yoast.com\/product\/yoast-seo-wordpress\/ -->\n<title>AMS - Consultoria em Biog\u00e1s e Biometano<\/title>\n<meta name=\"description\" content=\"A AMS \u00e9 uma empresa de consultoria que ap\u00f3ia clientes em projetos de valoriza\u00e7\u00e3o energ\u00e9tica de biog\u00e1s e produ\u00e7\u00e3o de biometano para ve\u00edculos a g\u00e1s.\" \/>\n<meta name=\"robots\" content=\"index, follow, max-snippet:-1, max-image-preview:large, max-video-preview:-1\" \/>\n<link rel=\"canonical\" href=\"https:\/\/amseco.com.br\/en\/clientes\/\" \/>\n<meta property=\"og:locale\" content=\"pt_PT\" \/>\n<meta property=\"og:type\" content=\"article\" \/>\n<meta property=\"og:title\" content=\"AMS - Consultoria em Biog\u00e1s e Biometano\" \/>\n<meta property=\"og:description\" content=\"A AMS \u00e9 uma empresa de consultoria que ap\u00f3ia clientes em projetos de valoriza\u00e7\u00e3o energ\u00e9tica de biog\u00e1s e produ\u00e7\u00e3o de biometano para ve\u00edculos a g\u00e1s.\" \/>\n<meta property=\"og:url\" content=\"https:\/\/amseco.com.br\/en\/clientes\/\" \/>\n<meta property=\"og:site_name\" content=\"AMS - Consultoria em Biog\u00e1s e Biometano\" \/>\n<meta property=\"article:modified_time\" content=\"2022-05-04T12:09:56+00:00\" \/>\n<meta property=\"og:image\" content=\"https:\/\/amseco.com.br\/en\/wp-content\/uploads\/2021\/06\/Case-IH.png\" \/>\n<meta name=\"twitter:card\" content=\"summary_large_image\" \/>\n<meta name=\"twitter:label1\" content=\"Tempo estimado de leitura\" \/>\n\t<meta name=\"twitter:data1\" content=\"2 minutos\" \/>\n<script type=\"application\/ld+json\" class=\"yoast-schema-graph\">{\"@context\":\"https:\\\/\\\/schema.org\",\"@graph\":[{\"@type\":\"WebPage\",\"@id\":\"https:\\\/\\\/amseco.com.br\\\/en\\\/clientes\\\/\",\"url\":\"https:\\\/\\\/amseco.com.br\\\/en\\\/clientes\\\/\",\"name\":\"AMS - Consultoria em Biog\u00e1s e Biometano\",\"isPartOf\":{\"@id\":\"https:\\\/\\\/amseco.com.br\\\/en\\\/#website\"},\"primaryImageOfPage\":{\"@id\":\"https:\\\/\\\/amseco.com.br\\\/en\\\/clientes\\\/#primaryimage\"},\"image\":{\"@id\":\"https:\\\/\\\/amseco.com.br\\\/en\\\/clientes\\\/#primaryimage\"},\"thumbnailUrl\":\"https:\\\/\\\/amseco.com.br\\\/en\\\/wp-content\\\/uploads\\\/2021\\\/06\\\/Case-IH.png\",\"datePublished\":\"2021-06-21T14:07:20+00:00\",\"dateModified\":\"2022-05-04T12:09:56+00:00\",\"description\":\"A AMS \u00e9 uma empresa de consultoria que ap\u00f3ia clientes em projetos de valoriza\u00e7\u00e3o energ\u00e9tica de biog\u00e1s e produ\u00e7\u00e3o de biometano para ve\u00edculos a g\u00e1s.\",\"breadcrumb\":{\"@id\":\"https:\\\/\\\/amseco.com.br\\\/en\\\/clientes\\\/#breadcrumb\"},\"inLanguage\":\"pt-PT\",\"potentialAction\":[{\"@type\":\"ReadAction\",\"target\":[\"https:\\\/\\\/amseco.com.br\\\/en\\\/clientes\\\/\"]}]},{\"@type\":\"ImageObject\",\"inLanguage\":\"pt-PT\",\"@id\":\"https:\\\/\\\/amseco.com.br\\\/en\\\/clientes\\\/#primaryimage\",\"url\":\"https:\\\/\\\/amseco.com.br\\\/en\\\/wp-content\\\/uploads\\\/2021\\\/06\\\/Case-IH.png\",\"contentUrl\":\"https:\\\/\\\/amseco.com.br\\\/en\\\/wp-content\\\/uploads\\\/2021\\\/06\\\/Case-IH.png\",\"width\":200,\"height\":69,\"caption\":\"Case IH - Cliente AMS para Uso de Biometano em Ve\u00edculos a G\u00e1s\"},{\"@type\":\"BreadcrumbList\",\"@id\":\"https:\\\/\\\/amseco.com.br\\\/en\\\/clientes\\\/#breadcrumb\",\"itemListElement\":[{\"@type\":\"ListItem\",\"position\":1,\"name\":\"In\u00edcio\",\"item\":\"https:\\\/\\\/amseco.com.br\\\/en\\\/\"},{\"@type\":\"ListItem\",\"position\":2,\"name\":\"Customers\"}]},{\"@type\":\"WebSite\",\"@id\":\"https:\\\/\\\/amseco.com.br\\\/en\\\/#website\",\"url\":\"https:\\\/\\\/amseco.com.br\\\/en\\\/\",\"name\":\"AMS - Consultoria em Biog\u00e1s e Biometano\",\"description\":\"Empresa de consultoria que ap\u00f3ia clientes em projetos de valoriza\u00e7\u00e3o energ\u00e9tica de biog\u00e1s e produ\u00e7\u00e3o de biometano para ve\u00edculos a g\u00e1s\",\"publisher\":{\"@id\":\"https:\\\/\\\/amseco.com.br\\\/en\\\/#organization\"},\"potentialAction\":[{\"@type\":\"SearchAction\",\"target\":{\"@type\":\"EntryPoint\",\"urlTemplate\":\"https:\\\/\\\/amseco.com.br\\\/en\\\/?s={search_term_string}\"},\"query-input\":{\"@type\":\"PropertyValueSpecification\",\"valueRequired\":true,\"valueName\":\"search_term_string\"}}],\"inLanguage\":\"pt-PT\"},{\"@type\":\"Organization\",\"@id\":\"https:\\\/\\\/amseco.com.br\\\/en\\\/#organization\",\"name\":\"AMS - Consultoria em Biog\u00e1s e Biometano\",\"url\":\"https:\\\/\\\/amseco.com.br\\\/en\\\/\",\"logo\":{\"@type\":\"ImageObject\",\"inLanguage\":\"pt-PT\",\"@id\":\"https:\\\/\\\/amseco.com.br\\\/en\\\/#\\\/schema\\\/logo\\\/image\\\/\",\"url\":\"https:\\\/\\\/amseco.com.br\\\/en\\\/wp-content\\\/uploads\\\/2021\\\/04\\\/400dpiLogo.png\",\"contentUrl\":\"https:\\\/\\\/amseco.com.br\\\/en\\\/wp-content\\\/uploads\\\/2021\\\/04\\\/400dpiLogo.png\",\"width\":706,\"height\":764,\"caption\":\"AMS - Consultoria em Biog\u00e1s e Biometano\"},\"image\":{\"@id\":\"https:\\\/\\\/amseco.com.br\\\/en\\\/#\\\/schema\\\/logo\\\/image\\\/\"}}]}<\/script>\n<!-- \/ Yoast SEO plugin. -->","yoast_head_json":{"title":"AMS - Consultoria em Biog\u00e1s e Biometano","description":"A AMS \u00e9 uma empresa de consultoria que ap\u00f3ia clientes em projetos de valoriza\u00e7\u00e3o energ\u00e9tica de biog\u00e1s e produ\u00e7\u00e3o de biometano para ve\u00edculos a g\u00e1s.","robots":{"index":"index","follow":"follow","max-snippet":"max-snippet:-1","max-image-preview":"max-image-preview:large","max-video-preview":"max-video-preview:-1"},"canonical":"https:\/\/amseco.com.br\/en\/clientes\/","og_locale":"pt_PT","og_type":"article","og_title":"AMS - Consultoria em Biog\u00e1s e Biometano","og_description":"A AMS \u00e9 uma empresa de consultoria que ap\u00f3ia clientes em projetos de valoriza\u00e7\u00e3o energ\u00e9tica de biog\u00e1s e produ\u00e7\u00e3o de biometano para ve\u00edculos a g\u00e1s.","og_url":"https:\/\/amseco.com.br\/en\/clientes\/","og_site_name":"AMS - Consultoria em Biog\u00e1s e Biometano","article_modified_time":"2022-05-04T12:09:56+00:00","og_image":[{"url":"https:\/\/amseco.com.br\/en\/wp-content\/uploads\/2021\/06\/Case-IH.png","type":"","width":"","height":""}],"twitter_card":"summary_large_image","twitter_misc":{"Tempo estimado de leitura":"2 minutos"},"schema":{"@context":"https:\/\/schema.org","@graph":[{"@type":"WebPage","@id":"https:\/\/amseco.com.br\/en\/clientes\/","url":"https:\/\/amseco.com.br\/en\/clientes\/","name":"AMS - Consultoria em Biog\u00e1s e Biometano","isPartOf":{"@id":"https:\/\/amseco.com.br\/en\/#website"},"primaryImageOfPage":{"@id":"https:\/\/amseco.com.br\/en\/clientes\/#primaryimage"},"image":{"@id":"https:\/\/amseco.com.br\/en\/clientes\/#primaryimage"},"thumbnailUrl":"https:\/\/amseco.com.br\/en\/wp-content\/uploads\/2021\/06\/Case-IH.png","datePublished":"2021-06-21T14:07:20+00:00","dateModified":"2022-05-04T12:09:56+00:00","description":"A AMS \u00e9 uma empresa de consultoria que ap\u00f3ia clientes em projetos de valoriza\u00e7\u00e3o energ\u00e9tica de biog\u00e1s e produ\u00e7\u00e3o de biometano para ve\u00edculos a g\u00e1s.","breadcrumb":{"@id":"https:\/\/amseco.com.br\/en\/clientes\/#breadcrumb"},"inLanguage":"pt-PT","potentialAction":[{"@type":"ReadAction","target":["https:\/\/amseco.com.br\/en\/clientes\/"]}]},{"@type":"ImageObject","inLanguage":"pt-PT","@id":"https:\/\/amseco.com.br\/en\/clientes\/#primaryimage","url":"https:\/\/amseco.com.br\/en\/wp-content\/uploads\/2021\/06\/Case-IH.png","contentUrl":"https:\/\/amseco.com.br\/en\/wp-content\/uploads\/2021\/06\/Case-IH.png","width":200,"height":69,"caption":"Case IH - Cliente AMS para Uso de Biometano em Ve\u00edculos a G\u00e1s"},{"@type":"BreadcrumbList","@id":"https:\/\/amseco.com.br\/en\/clientes\/#breadcrumb","itemListElement":[{"@type":"ListItem","position":1,"name":"In\u00edcio","item":"https:\/\/amseco.com.br\/en\/"},{"@type":"ListItem","position":2,"name":"Customers"}]},{"@type":"WebSite","@id":"https:\/\/amseco.com.br\/en\/#website","url":"https:\/\/amseco.com.br\/en\/","name":"AMS - Consultoria em Biog\u00e1s e Biometano","description":"Empresa de consultoria que ap\u00f3ia clientes em projetos de valoriza\u00e7\u00e3o energ\u00e9tica de biog\u00e1s e produ\u00e7\u00e3o de biometano para ve\u00edculos a g\u00e1s","publisher":{"@id":"https:\/\/amseco.com.br\/en\/#organization"},"potentialAction":[{"@type":"SearchAction","target":{"@type":"EntryPoint","urlTemplate":"https:\/\/amseco.com.br\/en\/?s={search_term_string}"},"query-input":{"@type":"PropertyValueSpecification","valueRequired":true,"valueName":"search_term_string"}}],"inLanguage":"pt-PT"},{"@type":"Organization","@id":"https:\/\/amseco.com.br\/en\/#organization","name":"AMS - Consultoria em Biog\u00e1s e Biometano","url":"https:\/\/amseco.com.br\/en\/","logo":{"@type":"ImageObject","inLanguage":"pt-PT","@id":"https:\/\/amseco.com.br\/en\/#\/schema\/logo\/image\/","url":"https:\/\/amseco.com.br\/en\/wp-content\/uploads\/2021\/04\/400dpiLogo.png","contentUrl":"https:\/\/amseco.com.br\/en\/wp-content\/uploads\/2021\/04\/400dpiLogo.png","width":706,"height":764,"caption":"AMS - Consultoria em Biog\u00e1s e Biometano"},"image":{"@id":"https:\/\/amseco.com.br\/en\/#\/schema\/logo\/image\/"}}]}},"uagb_featured_image_src":{"full":false,"thumbnail":false,"medium":false,"medium_large":false,"large":false,"1536x1536":false,"2048x2048":false},"uagb_author_info":{"display_name":"admin","author_link":"https:\/\/amseco.com.br\/en\/blog\/author\/admin\/"},"uagb_comment_info":0,"uagb_excerpt":null,"_links":{"self":[{"href":"https:\/\/amseco.com.br\/en\/wp-json\/wp\/v2\/pages\/509","targetHints":{"allow":["GET"]}}],"collection":[{"href":"https:\/\/amseco.com.br\/en\/wp-json\/wp\/v2\/pages"}],"about":[{"href":"https:\/\/amseco.com.br\/en\/wp-json\/wp\/v2\/types\/page"}],"author":[{"embeddable":true,"href":"https:\/\/amseco.com.br\/en\/wp-json\/wp\/v2\/users\/1"}],"replies":[{"embeddable":true,"href":"https:\/\/amseco.com.br\/en\/wp-json\/wp\/v2\/comments?post=509"}],"version-history":[{"count":20,"href":"https:\/\/amseco.com.br\/en\/wp-json\/wp\/v2\/pages\/509\/revisions"}],"predecessor-version":[{"id":1031,"href":"https:\/\/amseco.com.br\/en\/wp-json\/wp\/v2\/pages\/509\/revisions\/1031"}],"wp:attachment":[{"href":"https:\/\/amseco.com.br\/en\/wp-json\/wp\/v2\/media?parent=509"}],"curies":[{"name":"wp","href":"https:\/\/api.w.org\/{rel}","templated":true}]}}