{"id":508,"date":"2021-06-21T10:59:57","date_gmt":"2021-06-21T13:59:57","guid":{"rendered":"https:\/\/amseco.com.br\/en\/?page_id=508"},"modified":"2022-05-04T09:08:13","modified_gmt":"2022-05-04T12:08:13","slug":"servicos","status":"publish","type":"page","link":"https:\/\/amseco.com.br\/en\/servicos\/","title":{"rendered":"Services"},"content":{"rendered":"\n<section class=\"wp-block-uagb-section uagb-section__wrap uagb-section__background-image uagb-block-eac358f7\"><div class=\"uagb-section__overlay\"><\/div><div class=\"uagb-section__inner-wrap\">\n<div class=\"wp-block-uagb-info-box uagb-infobox__outer-wrap uagb-block-095b0d70\"><div class=\"uagb-infobox__content-wrap uagb-infobox uagb-infobox-has-icon uagb-infobox-icon-above-title uagb-infobox-image-valign-top uagb-infobox-enable-border-radius \"><div class=\"uagb-ifb-left-right-wrap\"><div class=\"uagb-ifb-content\"><div class=\"uagb-ifb-title-wrap\"><span class=\"uagb-ifb-title-prefix\">Our Services<\/span><h2 class=\"uagb-ifb-title\">We are specialists in biogas and biomethane in all applications<\/h2><\/div><div class=\"uagb-ifb-text-wrap\"><\/div><\/div><\/div><\/div><\/div>\n<\/div><\/section>\n\n\n\n<section class=\"wp-block-uagb-section uagb-section__wrap uagb-section__background-none uagb-block-f67cfe7c\"><div class=\"uagb-section__overlay\"><\/div><div class=\"uagb-section__inner-wrap\">\n<section class=\"wp-block-uagb-columns uagb-columns__wrap uagb-columns__background-undefined uagb-columns__stack-mobile uagb-columns__valign-undefined uagb-columns__gap-10 alignundefined uagb-block-eea12105\"><div class=\"uagb-columns__overlay\"><\/div><div class=\"uagb-columns__inner-wrap uagb-columns__columns-2\">\n<div class=\"wp-block-uagb-column uagb-column__wrap uagb-column__background-undefined uagb-block-3a64fdb9\"><div class=\"uagb-column__overlay\"><\/div><div class=\"uagb-column__inner-wrap\">\n<div class=\"wp-block-uagb-info-box uagb-infobox__outer-wrap uagb-block-77390251\"><div class=\"uagb-infobox__content-wrap uagb-infobox uagb-infobox-has-image uagb-infobox-icon-left-title uagb-infobox-left uagb-infobox-image-valign-middle uagb-infobox-enable-border-radius \"><div class=\"uagb-ifb-left-right-wrap\"><div class=\"uagb-ifb-content\"><div class=\"uagb-ifb-left-title-image\"><div class=\"uagb-ifb-image-icon-content uagb-ifb-imgicon-wrap\"><div class=\"uagb-ifb-image\"><div class=\"uagb-ifb-image-content\"><img decoding=\"async\" class=\"uagb-ifb-img-src\" src=\"https:\/\/amseco.com.br\/en\/wp-content\/uploads\/2021\/07\/Icone-Energia-em-Preto.png\" alt=\"Cogera\u00e7\u00e3o de Energia com Biog\u00e1s\"\/><\/div><\/div><\/div><div class=\"uagb-ifb-title-wrap\"><h3 class=\"uagb-ifb-title\">Biogas Cogeneration CHP<\/h3><\/div><\/div><div class=\"uagb-ifb-text-wrap\"><p class=\"uagb-ifb-desc\">Feasibility study, design, construction, monitoring and operation of power generation plants from gas or biogas engines.<\/p><\/div><\/div><\/div><\/div><\/div>\n\n\n\n<div class=\"wp-block-uagb-info-box uagb-infobox__outer-wrap uagb-block-71b69813\"><div class=\"uagb-infobox__content-wrap uagb-infobox uagb-infobox-has-image uagb-infobox-icon-left-title uagb-infobox-left uagb-infobox-image-valign-middle uagb-infobox-enable-border-radius \"><div class=\"uagb-ifb-left-right-wrap\"><div class=\"uagb-ifb-content\"><div class=\"uagb-ifb-left-title-image\"><div class=\"uagb-ifb-image-icon-content uagb-ifb-imgicon-wrap\"><div class=\"uagb-ifb-image\"><div class=\"uagb-ifb-image-content\"><img decoding=\"async\" class=\"uagb-ifb-img-src\" src=\"https:\/\/amseco.com.br\/en\/wp-content\/uploads\/2021\/07\/Icone-fabrica-em-preto.png\" alt=\"Produ\u00e7\u00e3o de Biometano\"\/><\/div><\/div><\/div><div class=\"uagb-ifb-title-wrap\"><h3 class=\"uagb-ifb-title\">Biomethane production<\/h3><\/div><\/div><div class=\"uagb-ifb-text-wrap\"><p class=\"uagb-ifb-desc\">Feasibility study, design, construction, monitoring and operation of biogas upgrading plants for biomethane production.<\/p><\/div><\/div><\/div><\/div><\/div>\n\n\n\n<div class=\"wp-block-uagb-info-box uagb-infobox__outer-wrap uagb-block-99481275\"><div class=\"uagb-infobox__content-wrap uagb-infobox uagb-infobox-has-image uagb-infobox-icon-left-title uagb-infobox-left uagb-infobox-image-valign-middle uagb-infobox-enable-border-radius \"><div class=\"uagb-ifb-left-right-wrap\"><div class=\"uagb-ifb-content\"><div class=\"uagb-ifb-left-title-image\"><div class=\"uagb-ifb-image-icon-content uagb-ifb-imgicon-wrap\"><div class=\"uagb-ifb-image\"><div class=\"uagb-ifb-image-content\"><img decoding=\"async\" class=\"uagb-ifb-img-src\" src=\"https:\/\/amseco.com.br\/en\/wp-content\/uploads\/2021\/07\/Icone-caminhao-em-preto.png\" alt=\"Aplica\u00e7\u00f5es de Ve\u00edculos a G\u00e1s\"\/><\/div><\/div><\/div><div class=\"uagb-ifb-title-wrap\"><h3 class=\"uagb-ifb-title\">Gas Engines Application<\/h3><\/div><\/div><div class=\"uagb-ifb-text-wrap\"><p class=\"uagb-ifb-desc\">Structuring projects in circular economies with analysis of the financial return in the replacement of fleets for vehicles powered by biomethane.<\/p><\/div><\/div><\/div><\/div><\/div>\n\n\n\n<div class=\"wp-block-uagb-info-box uagb-infobox__outer-wrap uagb-block-61b7750b\"><div class=\"uagb-infobox__content-wrap uagb-infobox uagb-infobox-has-image uagb-infobox-icon-left-title uagb-infobox-left uagb-infobox-image-valign-middle uagb-infobox-enable-border-radius \"><div class=\"uagb-ifb-left-right-wrap\"><div class=\"uagb-ifb-content\"><div class=\"uagb-ifb-left-title-image\"><div class=\"uagb-ifb-image-icon-content uagb-ifb-imgicon-wrap\"><div class=\"uagb-ifb-image\"><div class=\"uagb-ifb-image-content\"><img decoding=\"async\" class=\"uagb-ifb-img-src\" src=\"https:\/\/amseco.com.br\/en\/wp-content\/uploads\/2021\/07\/icone-lupa-em-preto.png\" alt=\"An\u00e1lise do mercado de Biog\u00e1s e Biometano\"\/><\/div><\/div><\/div><div class=\"uagb-ifb-title-wrap\"><h3 class=\"uagb-ifb-title\">Biogas and Biomethane Market Analysis<\/h3><\/div><\/div><div class=\"uagb-ifb-text-wrap\"><p class=\"uagb-ifb-desc\">Market intelligence and mapping of the status and potential of the biogas and biomethane sector in South America.<\/p><\/div><\/div><\/div><\/div><\/div>\n<\/div><\/div>\n\n\n\n<div class=\"wp-block-uagb-column uagb-column__wrap uagb-column__background-undefined uagb-block-86ee142a\"><div class=\"uagb-column__overlay\"><\/div><div class=\"uagb-column__inner-wrap\">\n<div class=\"wp-block-uagb-info-box uagb-infobox__outer-wrap uagb-block-22352e8d\"><div class=\"uagb-infobox__content-wrap uagb-infobox uagb-infobox-has-icon uagb-infobox-icon-above-title uagb-infobox-image-valign-top uagb-infobox-enable-border-radius \"><div class=\"uagb-ifb-left-right-wrap\"><div class=\"uagb-ifb-content\"><div class=\"uagb-ifb-title-wrap\"><h2 class=\"uagb-ifb-title\">We develop projects with companies of great representation in the global energy sector<br><\/h2><\/div><div class=\"uagb-ifb-text-wrap\"><div class=\"uagb-ifb-cta uagb-infobox-cta-link-style\"><div class=\"uagb-ifb-button-wrapper\"><a href=\"https:\/\/amseco.com.br\/en\/clientes\/\" class=\"uagb-infobox-cta-link uagb-ifb-cta-button\" target=\"_self\" rel=\"noopener noreferrer\"><span class=\"uagb-ifb-cta-content-wrapper\"><span class=\"uagb-inline-editing \">OUR MAIN CUSTOMERS<\/span><\/span><\/a><\/div><\/div><\/div><\/div><\/div><\/div><\/div>\n\n\n\n<p><\/p>\n<\/div><\/div>\n<\/div><\/section>\n<\/div><\/section>\n\n\n\n<p> <\/p>\n","protected":false},"excerpt":{"rendered":"","protected":false},"author":1,"featured_media":0,"parent":0,"menu_order":0,"comment_status":"closed","ping_status":"closed","template":"","meta":{"_uag_custom_page_level_css":"","site-sidebar-layout":"default","site-content-layout":"page-builder","ast-site-content-layout":"default","site-content-style":"default","site-sidebar-style":"default","ast-global-header-display":"","ast-banner-title-visibility":"","ast-main-header-display":"","ast-hfb-above-header-display":"","ast-hfb-below-header-display":"","ast-hfb-mobile-header-display":"","site-post-title":"disabled","ast-breadcrumbs-content":"","ast-featured-img":"","footer-sml-layout":"","ast-disable-related-posts":"","theme-transparent-header-meta":"default","adv-header-id-meta":"","stick-header-meta":"","header-above-stick-meta":"","header-main-stick-meta":"","header-below-stick-meta":"","astra-migrate-meta-layouts":"default","ast-page-background-enabled":"default","ast-page-background-meta":{"desktop":{"background-color":"","background-image":"","background-repeat":"repeat","background-position":"center center","background-size":"auto","background-attachment":"scroll","background-type":"","background-media":"","overlay-type":"","overlay-color":"","overlay-opacity":"","overlay-gradient":""},"tablet":{"background-color":"","background-image":"","background-repeat":"repeat","background-position":"center center","background-size":"auto","background-attachment":"scroll","background-type":"","background-media":"","overlay-type":"","overlay-color":"","overlay-opacity":"","overlay-gradient":""},"mobile":{"background-color":"","background-image":"","background-repeat":"repeat","background-position":"center center","background-size":"auto","background-attachment":"scroll","background-type":"","background-media":"","overlay-type":"","overlay-color":"","overlay-opacity":"","overlay-gradient":""}},"ast-content-background-meta":{"desktop":{"background-color":"var(--ast-global-color-5)","background-image":"","background-repeat":"repeat","background-position":"center center","background-size":"auto","background-attachment":"scroll","background-type":"","background-media":"","overlay-type":"","overlay-color":"","overlay-opacity":"","overlay-gradient":""},"tablet":{"background-color":"var(--ast-global-color-5)","background-image":"","background-repeat":"repeat","background-position":"center center","background-size":"auto","background-attachment":"scroll","background-type":"","background-media":"","overlay-type":"","overlay-color":"","overlay-opacity":"","overlay-gradient":""},"mobile":{"background-color":"var(--ast-global-color-5)","background-image":"","background-repeat":"repeat","background-position":"center center","background-size":"auto","background-attachment":"scroll","background-type":"","background-media":"","overlay-type":"","overlay-color":"","overlay-opacity":"","overlay-gradient":""}},"footnotes":""},"class_list":["post-508","page","type-page","status-publish","hentry"],"yoast_head":"<!-- This site is optimized with the Yoast SEO plugin v27.4 - https:\/\/yoast.com\/product\/yoast-seo-wordpress\/ -->\n<title>AMS - Consultoria em Biog\u00e1s e Biometano<\/title>\n<meta name=\"description\" content=\"A AMS \u00e9 uma empresa de consultoria que ap\u00f3ia clientes em projetos de valoriza\u00e7\u00e3o energ\u00e9tica de biog\u00e1s e produ\u00e7\u00e3o de biometano para ve\u00edculos a g\u00e1s.\" \/>\n<meta name=\"robots\" content=\"index, follow, max-snippet:-1, max-image-preview:large, max-video-preview:-1\" \/>\n<link rel=\"canonical\" href=\"https:\/\/amseco.com.br\/en\/servicos\/\" \/>\n<meta property=\"og:locale\" content=\"pt_PT\" \/>\n<meta property=\"og:type\" content=\"article\" \/>\n<meta property=\"og:title\" content=\"AMS - Consultoria em Biog\u00e1s e Biometano\" \/>\n<meta property=\"og:description\" content=\"A AMS \u00e9 uma empresa de consultoria que ap\u00f3ia clientes em projetos de valoriza\u00e7\u00e3o energ\u00e9tica de biog\u00e1s e produ\u00e7\u00e3o de biometano para ve\u00edculos a g\u00e1s.\" \/>\n<meta property=\"og:url\" content=\"https:\/\/amseco.com.br\/en\/servicos\/\" \/>\n<meta property=\"og:site_name\" content=\"AMS - Consultoria em Biog\u00e1s e Biometano\" \/>\n<meta property=\"article:modified_time\" content=\"2022-05-04T12:08:13+00:00\" \/>\n<meta property=\"og:image\" content=\"https:\/\/amseco.com.br\/en\/wp-content\/uploads\/2021\/07\/Icone-Energia-em-Preto.png\" \/>\n<meta name=\"twitter:card\" content=\"summary_large_image\" \/>\n<meta name=\"twitter:label1\" content=\"Tempo estimado de leitura\" \/>\n\t<meta name=\"twitter:data1\" content=\"2 minutos\" \/>\n<script type=\"application\/ld+json\" class=\"yoast-schema-graph\">{\"@context\":\"https:\\\/\\\/schema.org\",\"@graph\":[{\"@type\":\"WebPage\",\"@id\":\"https:\\\/\\\/amseco.com.br\\\/en\\\/servicos\\\/\",\"url\":\"https:\\\/\\\/amseco.com.br\\\/en\\\/servicos\\\/\",\"name\":\"AMS - Consultoria em Biog\u00e1s e Biometano\",\"isPartOf\":{\"@id\":\"https:\\\/\\\/amseco.com.br\\\/en\\\/#website\"},\"primaryImageOfPage\":{\"@id\":\"https:\\\/\\\/amseco.com.br\\\/en\\\/servicos\\\/#primaryimage\"},\"image\":{\"@id\":\"https:\\\/\\\/amseco.com.br\\\/en\\\/servicos\\\/#primaryimage\"},\"thumbnailUrl\":\"https:\\\/\\\/amseco.com.br\\\/en\\\/wp-content\\\/uploads\\\/2021\\\/07\\\/Icone-Energia-em-Preto.png\",\"datePublished\":\"2021-06-21T13:59:57+00:00\",\"dateModified\":\"2022-05-04T12:08:13+00:00\",\"description\":\"A AMS \u00e9 uma empresa de consultoria que ap\u00f3ia clientes em projetos de valoriza\u00e7\u00e3o energ\u00e9tica de biog\u00e1s e produ\u00e7\u00e3o de biometano para ve\u00edculos a g\u00e1s.\",\"breadcrumb\":{\"@id\":\"https:\\\/\\\/amseco.com.br\\\/en\\\/servicos\\\/#breadcrumb\"},\"inLanguage\":\"pt-PT\",\"potentialAction\":[{\"@type\":\"ReadAction\",\"target\":[\"https:\\\/\\\/amseco.com.br\\\/en\\\/servicos\\\/\"]}]},{\"@type\":\"ImageObject\",\"inLanguage\":\"pt-PT\",\"@id\":\"https:\\\/\\\/amseco.com.br\\\/en\\\/servicos\\\/#primaryimage\",\"url\":\"https:\\\/\\\/amseco.com.br\\\/en\\\/wp-content\\\/uploads\\\/2021\\\/07\\\/Icone-Energia-em-Preto.png\",\"contentUrl\":\"https:\\\/\\\/amseco.com.br\\\/en\\\/wp-content\\\/uploads\\\/2021\\\/07\\\/Icone-Energia-em-Preto.png\",\"width\":96,\"height\":96,\"caption\":\"Cogera\u00e7\u00e3o de Energia com Biog\u00e1s\"},{\"@type\":\"BreadcrumbList\",\"@id\":\"https:\\\/\\\/amseco.com.br\\\/en\\\/servicos\\\/#breadcrumb\",\"itemListElement\":[{\"@type\":\"ListItem\",\"position\":1,\"name\":\"In\u00edcio\",\"item\":\"https:\\\/\\\/amseco.com.br\\\/en\\\/\"},{\"@type\":\"ListItem\",\"position\":2,\"name\":\"Services\"}]},{\"@type\":\"WebSite\",\"@id\":\"https:\\\/\\\/amseco.com.br\\\/en\\\/#website\",\"url\":\"https:\\\/\\\/amseco.com.br\\\/en\\\/\",\"name\":\"AMS - Consultoria em Biog\u00e1s e Biometano\",\"description\":\"Empresa de consultoria que ap\u00f3ia clientes em projetos de valoriza\u00e7\u00e3o energ\u00e9tica de biog\u00e1s e produ\u00e7\u00e3o de biometano para ve\u00edculos a g\u00e1s\",\"publisher\":{\"@id\":\"https:\\\/\\\/amseco.com.br\\\/en\\\/#organization\"},\"potentialAction\":[{\"@type\":\"SearchAction\",\"target\":{\"@type\":\"EntryPoint\",\"urlTemplate\":\"https:\\\/\\\/amseco.com.br\\\/en\\\/?s={search_term_string}\"},\"query-input\":{\"@type\":\"PropertyValueSpecification\",\"valueRequired\":true,\"valueName\":\"search_term_string\"}}],\"inLanguage\":\"pt-PT\"},{\"@type\":\"Organization\",\"@id\":\"https:\\\/\\\/amseco.com.br\\\/en\\\/#organization\",\"name\":\"AMS - Consultoria em Biog\u00e1s e Biometano\",\"url\":\"https:\\\/\\\/amseco.com.br\\\/en\\\/\",\"logo\":{\"@type\":\"ImageObject\",\"inLanguage\":\"pt-PT\",\"@id\":\"https:\\\/\\\/amseco.com.br\\\/en\\\/#\\\/schema\\\/logo\\\/image\\\/\",\"url\":\"https:\\\/\\\/amseco.com.br\\\/en\\\/wp-content\\\/uploads\\\/2021\\\/04\\\/400dpiLogo.png\",\"contentUrl\":\"https:\\\/\\\/amseco.com.br\\\/en\\\/wp-content\\\/uploads\\\/2021\\\/04\\\/400dpiLogo.png\",\"width\":706,\"height\":764,\"caption\":\"AMS - Consultoria em Biog\u00e1s e Biometano\"},\"image\":{\"@id\":\"https:\\\/\\\/amseco.com.br\\\/en\\\/#\\\/schema\\\/logo\\\/image\\\/\"}}]}<\/script>\n<!-- \/ Yoast SEO plugin. -->","yoast_head_json":{"title":"AMS - Consultoria em Biog\u00e1s e Biometano","description":"A AMS \u00e9 uma empresa de consultoria que ap\u00f3ia clientes em projetos de valoriza\u00e7\u00e3o energ\u00e9tica de biog\u00e1s e produ\u00e7\u00e3o de biometano para ve\u00edculos a g\u00e1s.","robots":{"index":"index","follow":"follow","max-snippet":"max-snippet:-1","max-image-preview":"max-image-preview:large","max-video-preview":"max-video-preview:-1"},"canonical":"https:\/\/amseco.com.br\/en\/servicos\/","og_locale":"pt_PT","og_type":"article","og_title":"AMS - Consultoria em Biog\u00e1s e Biometano","og_description":"A AMS \u00e9 uma empresa de consultoria que ap\u00f3ia clientes em projetos de valoriza\u00e7\u00e3o energ\u00e9tica de biog\u00e1s e produ\u00e7\u00e3o de biometano para ve\u00edculos a g\u00e1s.","og_url":"https:\/\/amseco.com.br\/en\/servicos\/","og_site_name":"AMS - Consultoria em Biog\u00e1s e Biometano","article_modified_time":"2022-05-04T12:08:13+00:00","og_image":[{"url":"https:\/\/amseco.com.br\/en\/wp-content\/uploads\/2021\/07\/Icone-Energia-em-Preto.png","type":"","width":"","height":""}],"twitter_card":"summary_large_image","twitter_misc":{"Tempo estimado de leitura":"2 minutos"},"schema":{"@context":"https:\/\/schema.org","@graph":[{"@type":"WebPage","@id":"https:\/\/amseco.com.br\/en\/servicos\/","url":"https:\/\/amseco.com.br\/en\/servicos\/","name":"AMS - Consultoria em Biog\u00e1s e Biometano","isPartOf":{"@id":"https:\/\/amseco.com.br\/en\/#website"},"primaryImageOfPage":{"@id":"https:\/\/amseco.com.br\/en\/servicos\/#primaryimage"},"image":{"@id":"https:\/\/amseco.com.br\/en\/servicos\/#primaryimage"},"thumbnailUrl":"https:\/\/amseco.com.br\/en\/wp-content\/uploads\/2021\/07\/Icone-Energia-em-Preto.png","datePublished":"2021-06-21T13:59:57+00:00","dateModified":"2022-05-04T12:08:13+00:00","description":"A AMS \u00e9 uma empresa de consultoria que ap\u00f3ia clientes em projetos de valoriza\u00e7\u00e3o energ\u00e9tica de biog\u00e1s e produ\u00e7\u00e3o de biometano para ve\u00edculos a g\u00e1s.","breadcrumb":{"@id":"https:\/\/amseco.com.br\/en\/servicos\/#breadcrumb"},"inLanguage":"pt-PT","potentialAction":[{"@type":"ReadAction","target":["https:\/\/amseco.com.br\/en\/servicos\/"]}]},{"@type":"ImageObject","inLanguage":"pt-PT","@id":"https:\/\/amseco.com.br\/en\/servicos\/#primaryimage","url":"https:\/\/amseco.com.br\/en\/wp-content\/uploads\/2021\/07\/Icone-Energia-em-Preto.png","contentUrl":"https:\/\/amseco.com.br\/en\/wp-content\/uploads\/2021\/07\/Icone-Energia-em-Preto.png","width":96,"height":96,"caption":"Cogera\u00e7\u00e3o de Energia com Biog\u00e1s"},{"@type":"BreadcrumbList","@id":"https:\/\/amseco.com.br\/en\/servicos\/#breadcrumb","itemListElement":[{"@type":"ListItem","position":1,"name":"In\u00edcio","item":"https:\/\/amseco.com.br\/en\/"},{"@type":"ListItem","position":2,"name":"Services"}]},{"@type":"WebSite","@id":"https:\/\/amseco.com.br\/en\/#website","url":"https:\/\/amseco.com.br\/en\/","name":"AMS - Consultoria em Biog\u00e1s e Biometano","description":"Empresa de consultoria que ap\u00f3ia clientes em projetos de valoriza\u00e7\u00e3o energ\u00e9tica de biog\u00e1s e produ\u00e7\u00e3o de biometano para ve\u00edculos a g\u00e1s","publisher":{"@id":"https:\/\/amseco.com.br\/en\/#organization"},"potentialAction":[{"@type":"SearchAction","target":{"@type":"EntryPoint","urlTemplate":"https:\/\/amseco.com.br\/en\/?s={search_term_string}"},"query-input":{"@type":"PropertyValueSpecification","valueRequired":true,"valueName":"search_term_string"}}],"inLanguage":"pt-PT"},{"@type":"Organization","@id":"https:\/\/amseco.com.br\/en\/#organization","name":"AMS - Consultoria em Biog\u00e1s e Biometano","url":"https:\/\/amseco.com.br\/en\/","logo":{"@type":"ImageObject","inLanguage":"pt-PT","@id":"https:\/\/amseco.com.br\/en\/#\/schema\/logo\/image\/","url":"https:\/\/amseco.com.br\/en\/wp-content\/uploads\/2021\/04\/400dpiLogo.png","contentUrl":"https:\/\/amseco.com.br\/en\/wp-content\/uploads\/2021\/04\/400dpiLogo.png","width":706,"height":764,"caption":"AMS - Consultoria em Biog\u00e1s e Biometano"},"image":{"@id":"https:\/\/amseco.com.br\/en\/#\/schema\/logo\/image\/"}}]}},"uagb_featured_image_src":{"full":false,"thumbnail":false,"medium":false,"medium_large":false,"large":false,"1536x1536":false,"2048x2048":false},"uagb_author_info":{"display_name":"admin","author_link":"https:\/\/amseco.com.br\/en\/blog\/author\/admin\/"},"uagb_comment_info":0,"uagb_excerpt":null,"_links":{"self":[{"href":"https:\/\/amseco.com.br\/en\/wp-json\/wp\/v2\/pages\/508","targetHints":{"allow":["GET"]}}],"collection":[{"href":"https:\/\/amseco.com.br\/en\/wp-json\/wp\/v2\/pages"}],"about":[{"href":"https:\/\/amseco.com.br\/en\/wp-json\/wp\/v2\/types\/page"}],"author":[{"embeddable":true,"href":"https:\/\/amseco.com.br\/en\/wp-json\/wp\/v2\/users\/1"}],"replies":[{"embeddable":true,"href":"https:\/\/amseco.com.br\/en\/wp-json\/wp\/v2\/comments?post=508"}],"version-history":[{"count":22,"href":"https:\/\/amseco.com.br\/en\/wp-json\/wp\/v2\/pages\/508\/revisions"}],"predecessor-version":[{"id":1030,"href":"https:\/\/amseco.com.br\/en\/wp-json\/wp\/v2\/pages\/508\/revisions\/1030"}],"wp:attachment":[{"href":"https:\/\/amseco.com.br\/en\/wp-json\/wp\/v2\/media?parent=508"}],"curies":[{"name":"wp","href":"https:\/\/api.w.org\/{rel}","templated":true}]}}