{"id":504,"date":"2021-06-21T10:35:23","date_gmt":"2021-06-21T13:35:23","guid":{"rendered":"https:\/\/amseco.com.br\/en\/?page_id=504"},"modified":"2022-05-04T09:07:08","modified_gmt":"2022-05-04T12:07:08","slug":"sobre","status":"publish","type":"page","link":"https:\/\/amseco.com.br\/en\/sobre\/","title":{"rendered":"About us"},"content":{"rendered":"\n<section class=\"wp-block-uagb-section uagb-section__wrap uagb-section__background-image uagb-block-ffe93137\"><div class=\"uagb-section__overlay\"><\/div><div class=\"uagb-section__inner-wrap\">\n<div class=\"wp-block-uagb-info-box uagb-infobox__outer-wrap uagb-block-6fa001a2\"><div class=\"uagb-infobox__content-wrap uagb-infobox uagb-infobox-has-icon uagb-infobox-icon-above-title uagb-infobox-image-valign-top uagb-infobox-enable-border-radius \"><div class=\"uagb-ifb-left-right-wrap\"><div class=\"uagb-ifb-content\"><div class=\"uagb-ifb-title-wrap\"><span class=\"uagb-ifb-title-prefix\">About us<\/span><h2 class=\"uagb-ifb-title\">A consulting firm with global experience in biogas power generation, biomethane production and gas vehicle applications<\/h2><\/div><div class=\"uagb-ifb-text-wrap\"><\/div><\/div><\/div><\/div><\/div>\n\n\n\n<p><\/p>\n<\/div><\/section>\n\n\n\n<section class=\"wp-block-uagb-section uagb-section__wrap uagb-section__background-undefined uagb-block-25eecc29\"><div class=\"uagb-section__overlay\"><\/div><div class=\"uagb-section__inner-wrap\">\n<div class=\"wp-block-uagb-info-box uagb-infobox__outer-wrap uagb-block-97d7dda1\"><div class=\"uagb-infobox__content-wrap uagb-infobox uagb-infobox-has-icon uagb-infobox-icon-above-title uagb-infobox-image-valign-top uagb-infobox-enable-border-radius \"><div class=\"uagb-ifb-left-right-wrap\"><div class=\"uagb-ifb-content\"><div class=\"uagb-ifb-title-wrap\"><\/div><div class=\"uagb-ifb-text-wrap\"><p class=\"uagb-ifb-desc\">AMS is a consulting firm that supports investors in cogeneration projects with biogas and natural gas, biomethane production plants and gas engine vehicle applications in circular economy projects.<br><br>Our mission is to offer successful technical and financial models throughout the analysis, design, implementation and operation of energy production projects, improving profitability and consistency of investment results for our customers.<br><br>We advise our clients in identifying the correct way to use biogas to generate electric and thermal energy or in the production of biofuels for vehicular traction.<br><br>We are constantly helping our customers to overcome technical and financial challenges to ensure profitability throughout the project lifetime.<br><\/p><div class=\"uagb-ifb-cta uagb-infobox-cta-link-style\"><div class=\"uagb-ifb-button-wrapper\"><a href=\"https:\/\/amseco.com.br\/en\/servicos\/\" class=\"uagb-infobox-cta-link uagb-ifb-cta-button\" target=\"_self\" rel=\"noopener noreferrer\"><span class=\"uagb-ifb-cta-content-wrapper\"><span class=\"uagb-inline-editing \">OUR SERVICES<\/span><\/span><\/a><\/div><\/div><\/div><\/div><\/div><\/div><\/div>\n\n\n\n<p><\/p>\n<\/div><\/section>\n","protected":false},"excerpt":{"rendered":"","protected":false},"author":1,"featured_media":0,"parent":0,"menu_order":0,"comment_status":"closed","ping_status":"closed","template":"","meta":{"_uag_custom_page_level_css":"","site-sidebar-layout":"default","site-content-layout":"page-builder","ast-site-content-layout":"default","site-content-style":"default","site-sidebar-style":"default","ast-global-header-display":"","ast-banner-title-visibility":"","ast-main-header-display":"","ast-hfb-above-header-display":"","ast-hfb-below-header-display":"","ast-hfb-mobile-header-display":"","site-post-title":"disabled","ast-breadcrumbs-content":"","ast-featured-img":"","footer-sml-layout":"","ast-disable-related-posts":"","theme-transparent-header-meta":"default","adv-header-id-meta":"","stick-header-meta":"","header-above-stick-meta":"","header-main-stick-meta":"","header-below-stick-meta":"","astra-migrate-meta-layouts":"default","ast-page-background-enabled":"default","ast-page-background-meta":{"desktop":{"background-color":"","background-image":"","background-repeat":"repeat","background-position":"center center","background-size":"auto","background-attachment":"scroll","background-type":"","background-media":"","overlay-type":"","overlay-color":"","overlay-opacity":"","overlay-gradient":""},"tablet":{"background-color":"","background-image":"","background-repeat":"repeat","background-position":"center center","background-size":"auto","background-attachment":"scroll","background-type":"","background-media":"","overlay-type":"","overlay-color":"","overlay-opacity":"","overlay-gradient":""},"mobile":{"background-color":"","background-image":"","background-repeat":"repeat","background-position":"center center","background-size":"auto","background-attachment":"scroll","background-type":"","background-media":"","overlay-type":"","overlay-color":"","overlay-opacity":"","overlay-gradient":""}},"ast-content-background-meta":{"desktop":{"background-color":"var(--ast-global-color-5)","background-image":"","background-repeat":"repeat","background-position":"center center","background-size":"auto","background-attachment":"scroll","background-type":"","background-media":"","overlay-type":"","overlay-color":"","overlay-opacity":"","overlay-gradient":""},"tablet":{"background-color":"var(--ast-global-color-5)","background-image":"","background-repeat":"repeat","background-position":"center center","background-size":"auto","background-attachment":"scroll","background-type":"","background-media":"","overlay-type":"","overlay-color":"","overlay-opacity":"","overlay-gradient":""},"mobile":{"background-color":"var(--ast-global-color-5)","background-image":"","background-repeat":"repeat","background-position":"center center","background-size":"auto","background-attachment":"scroll","background-type":"","background-media":"","overlay-type":"","overlay-color":"","overlay-opacity":"","overlay-gradient":""}},"footnotes":""},"class_list":["post-504","page","type-page","status-publish","hentry"],"yoast_head":"<!-- This site is optimized with the Yoast SEO plugin v27.4 - https:\/\/yoast.com\/product\/yoast-seo-wordpress\/ -->\n<title>AMS - Consultoria em Biog\u00e1s e Biometano<\/title>\n<meta name=\"description\" content=\"A AMS \u00e9 uma empresa de consultoria que ap\u00f3ia clientes em projetos de valoriza\u00e7\u00e3o energ\u00e9tica de biog\u00e1s e produ\u00e7\u00e3o de biometano para ve\u00edculos a g\u00e1s.\" \/>\n<meta name=\"robots\" content=\"index, follow, max-snippet:-1, max-image-preview:large, max-video-preview:-1\" \/>\n<link rel=\"canonical\" href=\"https:\/\/amseco.com.br\/en\/sobre\/\" \/>\n<meta property=\"og:locale\" content=\"pt_PT\" \/>\n<meta property=\"og:type\" content=\"article\" \/>\n<meta property=\"og:title\" content=\"AMS - Consultoria em Biog\u00e1s e Biometano\" \/>\n<meta property=\"og:description\" content=\"A AMS \u00e9 uma empresa de consultoria que ap\u00f3ia clientes em projetos de valoriza\u00e7\u00e3o energ\u00e9tica de biog\u00e1s e produ\u00e7\u00e3o de biometano para ve\u00edculos a g\u00e1s.\" \/>\n<meta property=\"og:url\" content=\"https:\/\/amseco.com.br\/en\/sobre\/\" \/>\n<meta property=\"og:site_name\" content=\"AMS - Consultoria em Biog\u00e1s e Biometano\" \/>\n<meta property=\"article:modified_time\" content=\"2022-05-04T12:07:08+00:00\" \/>\n<meta name=\"twitter:card\" content=\"summary_large_image\" \/>\n<meta name=\"twitter:label1\" content=\"Tempo estimado de leitura\" \/>\n\t<meta name=\"twitter:data1\" content=\"1 minuto\" \/>\n<script type=\"application\/ld+json\" class=\"yoast-schema-graph\">{\"@context\":\"https:\\\/\\\/schema.org\",\"@graph\":[{\"@type\":\"WebPage\",\"@id\":\"https:\\\/\\\/amseco.com.br\\\/en\\\/sobre\\\/\",\"url\":\"https:\\\/\\\/amseco.com.br\\\/en\\\/sobre\\\/\",\"name\":\"AMS - Consultoria em Biog\u00e1s e Biometano\",\"isPartOf\":{\"@id\":\"https:\\\/\\\/amseco.com.br\\\/en\\\/#website\"},\"datePublished\":\"2021-06-21T13:35:23+00:00\",\"dateModified\":\"2022-05-04T12:07:08+00:00\",\"description\":\"A AMS \u00e9 uma empresa de consultoria que ap\u00f3ia clientes em projetos de valoriza\u00e7\u00e3o energ\u00e9tica de biog\u00e1s e produ\u00e7\u00e3o de biometano para ve\u00edculos a g\u00e1s.\",\"breadcrumb\":{\"@id\":\"https:\\\/\\\/amseco.com.br\\\/en\\\/sobre\\\/#breadcrumb\"},\"inLanguage\":\"pt-PT\",\"potentialAction\":[{\"@type\":\"ReadAction\",\"target\":[\"https:\\\/\\\/amseco.com.br\\\/en\\\/sobre\\\/\"]}]},{\"@type\":\"BreadcrumbList\",\"@id\":\"https:\\\/\\\/amseco.com.br\\\/en\\\/sobre\\\/#breadcrumb\",\"itemListElement\":[{\"@type\":\"ListItem\",\"position\":1,\"name\":\"In\u00edcio\",\"item\":\"https:\\\/\\\/amseco.com.br\\\/en\\\/\"},{\"@type\":\"ListItem\",\"position\":2,\"name\":\"About us\"}]},{\"@type\":\"WebSite\",\"@id\":\"https:\\\/\\\/amseco.com.br\\\/en\\\/#website\",\"url\":\"https:\\\/\\\/amseco.com.br\\\/en\\\/\",\"name\":\"AMS - Consultoria em Biog\u00e1s e Biometano\",\"description\":\"Empresa de consultoria que ap\u00f3ia clientes em projetos de valoriza\u00e7\u00e3o energ\u00e9tica de biog\u00e1s e produ\u00e7\u00e3o de biometano para ve\u00edculos a g\u00e1s\",\"publisher\":{\"@id\":\"https:\\\/\\\/amseco.com.br\\\/en\\\/#organization\"},\"potentialAction\":[{\"@type\":\"SearchAction\",\"target\":{\"@type\":\"EntryPoint\",\"urlTemplate\":\"https:\\\/\\\/amseco.com.br\\\/en\\\/?s={search_term_string}\"},\"query-input\":{\"@type\":\"PropertyValueSpecification\",\"valueRequired\":true,\"valueName\":\"search_term_string\"}}],\"inLanguage\":\"pt-PT\"},{\"@type\":\"Organization\",\"@id\":\"https:\\\/\\\/amseco.com.br\\\/en\\\/#organization\",\"name\":\"AMS - Consultoria em Biog\u00e1s e Biometano\",\"url\":\"https:\\\/\\\/amseco.com.br\\\/en\\\/\",\"logo\":{\"@type\":\"ImageObject\",\"inLanguage\":\"pt-PT\",\"@id\":\"https:\\\/\\\/amseco.com.br\\\/en\\\/#\\\/schema\\\/logo\\\/image\\\/\",\"url\":\"https:\\\/\\\/amseco.com.br\\\/en\\\/wp-content\\\/uploads\\\/2021\\\/04\\\/400dpiLogo.png\",\"contentUrl\":\"https:\\\/\\\/amseco.com.br\\\/en\\\/wp-content\\\/uploads\\\/2021\\\/04\\\/400dpiLogo.png\",\"width\":706,\"height\":764,\"caption\":\"AMS - Consultoria em Biog\u00e1s e Biometano\"},\"image\":{\"@id\":\"https:\\\/\\\/amseco.com.br\\\/en\\\/#\\\/schema\\\/logo\\\/image\\\/\"}}]}<\/script>\n<!-- \/ Yoast SEO plugin. -->","yoast_head_json":{"title":"AMS - Consultoria em Biog\u00e1s e Biometano","description":"A AMS \u00e9 uma empresa de consultoria que ap\u00f3ia clientes em projetos de valoriza\u00e7\u00e3o energ\u00e9tica de biog\u00e1s e produ\u00e7\u00e3o de biometano para ve\u00edculos a g\u00e1s.","robots":{"index":"index","follow":"follow","max-snippet":"max-snippet:-1","max-image-preview":"max-image-preview:large","max-video-preview":"max-video-preview:-1"},"canonical":"https:\/\/amseco.com.br\/en\/sobre\/","og_locale":"pt_PT","og_type":"article","og_title":"AMS - Consultoria em Biog\u00e1s e Biometano","og_description":"A AMS \u00e9 uma empresa de consultoria que ap\u00f3ia clientes em projetos de valoriza\u00e7\u00e3o energ\u00e9tica de biog\u00e1s e produ\u00e7\u00e3o de biometano para ve\u00edculos a g\u00e1s.","og_url":"https:\/\/amseco.com.br\/en\/sobre\/","og_site_name":"AMS - Consultoria em Biog\u00e1s e Biometano","article_modified_time":"2022-05-04T12:07:08+00:00","twitter_card":"summary_large_image","twitter_misc":{"Tempo estimado de leitura":"1 minuto"},"schema":{"@context":"https:\/\/schema.org","@graph":[{"@type":"WebPage","@id":"https:\/\/amseco.com.br\/en\/sobre\/","url":"https:\/\/amseco.com.br\/en\/sobre\/","name":"AMS - Consultoria em Biog\u00e1s e Biometano","isPartOf":{"@id":"https:\/\/amseco.com.br\/en\/#website"},"datePublished":"2021-06-21T13:35:23+00:00","dateModified":"2022-05-04T12:07:08+00:00","description":"A AMS \u00e9 uma empresa de consultoria que ap\u00f3ia clientes em projetos de valoriza\u00e7\u00e3o energ\u00e9tica de biog\u00e1s e produ\u00e7\u00e3o de biometano para ve\u00edculos a g\u00e1s.","breadcrumb":{"@id":"https:\/\/amseco.com.br\/en\/sobre\/#breadcrumb"},"inLanguage":"pt-PT","potentialAction":[{"@type":"ReadAction","target":["https:\/\/amseco.com.br\/en\/sobre\/"]}]},{"@type":"BreadcrumbList","@id":"https:\/\/amseco.com.br\/en\/sobre\/#breadcrumb","itemListElement":[{"@type":"ListItem","position":1,"name":"In\u00edcio","item":"https:\/\/amseco.com.br\/en\/"},{"@type":"ListItem","position":2,"name":"About us"}]},{"@type":"WebSite","@id":"https:\/\/amseco.com.br\/en\/#website","url":"https:\/\/amseco.com.br\/en\/","name":"AMS - Consultoria em Biog\u00e1s e Biometano","description":"Empresa de consultoria que ap\u00f3ia clientes em projetos de valoriza\u00e7\u00e3o energ\u00e9tica de biog\u00e1s e produ\u00e7\u00e3o de biometano para ve\u00edculos a g\u00e1s","publisher":{"@id":"https:\/\/amseco.com.br\/en\/#organization"},"potentialAction":[{"@type":"SearchAction","target":{"@type":"EntryPoint","urlTemplate":"https:\/\/amseco.com.br\/en\/?s={search_term_string}"},"query-input":{"@type":"PropertyValueSpecification","valueRequired":true,"valueName":"search_term_string"}}],"inLanguage":"pt-PT"},{"@type":"Organization","@id":"https:\/\/amseco.com.br\/en\/#organization","name":"AMS - Consultoria em Biog\u00e1s e Biometano","url":"https:\/\/amseco.com.br\/en\/","logo":{"@type":"ImageObject","inLanguage":"pt-PT","@id":"https:\/\/amseco.com.br\/en\/#\/schema\/logo\/image\/","url":"https:\/\/amseco.com.br\/en\/wp-content\/uploads\/2021\/04\/400dpiLogo.png","contentUrl":"https:\/\/amseco.com.br\/en\/wp-content\/uploads\/2021\/04\/400dpiLogo.png","width":706,"height":764,"caption":"AMS - Consultoria em Biog\u00e1s e Biometano"},"image":{"@id":"https:\/\/amseco.com.br\/en\/#\/schema\/logo\/image\/"}}]}},"uagb_featured_image_src":{"full":false,"thumbnail":false,"medium":false,"medium_large":false,"large":false,"1536x1536":false,"2048x2048":false},"uagb_author_info":{"display_name":"admin","author_link":"https:\/\/amseco.com.br\/en\/blog\/author\/admin\/"},"uagb_comment_info":0,"uagb_excerpt":null,"_links":{"self":[{"href":"https:\/\/amseco.com.br\/en\/wp-json\/wp\/v2\/pages\/504","targetHints":{"allow":["GET"]}}],"collection":[{"href":"https:\/\/amseco.com.br\/en\/wp-json\/wp\/v2\/pages"}],"about":[{"href":"https:\/\/amseco.com.br\/en\/wp-json\/wp\/v2\/types\/page"}],"author":[{"embeddable":true,"href":"https:\/\/amseco.com.br\/en\/wp-json\/wp\/v2\/users\/1"}],"replies":[{"embeddable":true,"href":"https:\/\/amseco.com.br\/en\/wp-json\/wp\/v2\/comments?post=504"}],"version-history":[{"count":25,"href":"https:\/\/amseco.com.br\/en\/wp-json\/wp\/v2\/pages\/504\/revisions"}],"predecessor-version":[{"id":1029,"href":"https:\/\/amseco.com.br\/en\/wp-json\/wp\/v2\/pages\/504\/revisions\/1029"}],"wp:attachment":[{"href":"https:\/\/amseco.com.br\/en\/wp-json\/wp\/v2\/media?parent=504"}],"curies":[{"name":"wp","href":"https:\/\/api.w.org\/{rel}","templated":true}]}}